{"id":1321,"date":"2021-02-14T17:59:18","date_gmt":"2021-02-14T16:59:18","guid":{"rendered":"https:\/\/ecu.preprod.itcane.com\/services-2\/"},"modified":"2021-02-14T19:26:43","modified_gmt":"2021-02-14T18:26:43","slug":"services","status":"publish","type":"page","link":"https:\/\/www.ecu-carprog.com\/fr\/services\/","title":{"rendered":"Services"},"content":{"rendered":"<section class=\"request-step-container\">\n<div class=\"container px-1 py-5 mx-auto\">\n    <div class=\"row d-flex justify-content-center\">\n        <div class=\"col-xl-8 col-lg-8 col-md-10\">\n            <div class=\"card b-0\">\n                <fieldset class=\"show\">\n                <div class=\"form-card\">\n                <ul class=\"nav nav-tabs\" id=\"servicesTabs\" role=\"tablist\">\n            <li class=\"nav-item\" role=\"presentation\">\n            <a class=\"nav-link active\" id=\"cat-248-tab\" data-cat=\"248\" data-toggle=\"tab\" href=\"#cat-248\" role=\"tab\" aria-controls=\"cat-248\" aria-selected=\"true\">Airbag<\/a>\n        <\/li>\n            <li class=\"nav-item\" role=\"presentation\">\n            <a class=\"nav-link\" id=\"cat-249-tab\" data-cat=\"249\" data-toggle=\"tab\" href=\"#cat-249\" role=\"tab\" aria-controls=\"cat-249\" aria-selected=\"true\">BSI<\/a>\n        <\/li>\n            <li class=\"nav-item\" role=\"presentation\">\n            <a class=\"nav-link\" id=\"cat-305-tab\" data-cat=\"305\" data-toggle=\"tab\" href=\"#cat-305\" role=\"tab\" aria-controls=\"cat-305\" aria-selected=\"true\">Car Tuning<\/a>\n        <\/li>\n            <li class=\"nav-item\" role=\"presentation\">\n            <a class=\"nav-link\" id=\"cat-247-tab\" data-cat=\"247\" data-toggle=\"tab\" href=\"#cat-247\" role=\"tab\" aria-controls=\"cat-247\" aria-selected=\"true\">ECU<\/a>\n        <\/li>\n            <li class=\"nav-item\" role=\"presentation\">\n            <a class=\"nav-link\" id=\"cat-250-tab\" data-cat=\"250\" data-toggle=\"tab\" href=\"#cat-250\" role=\"tab\" aria-controls=\"cat-250\" aria-selected=\"true\">Extraction PIN<\/a>\n        <\/li>\n        <\/ul>\n    <div class=\"tab-content\" id=\"nav-tabContent\">\n            <div class=\"tab-pane fade show active\" id=\"cat-248\" role=\"tabpanel\" aria-labelledby=\"cat-248-tab\">\n        \t\t<div class=\"row px-1 radio-group\">\n         \t\t\t\t<div class=\"card-block text-center\">\n                <span class=\"badge badge-primary\">4 Tokens<\/span>\t\t\t\t<div class=\"image-icon\"> <img decoding=\"async\" class=\"icon icon1 fit-image\" src=\"https:\/\/cdn.ecu-carprog.com\/wp-content\/uploads\/2021\/01\/all-airbag-modules-1.jpg\"> <\/div>\n\t\t\t\t<p class=\"sub-desc\">R\u00e9initialisation du module d&#8217;airbag<\/p>\n                <a class=\"ecu-more-btn\" href=\"https:\/\/www.ecu-carprog.com\/services\/virginize-an-airbag-srs-dump-after-a-crash\/\">Plus de d\u00e9tails<\/a>\n                                <\/div>\n            \t\t\t<\/div>\n                <\/div>\n            <div class=\"tab-pane fade\" id=\"cat-249\" role=\"tabpanel\" aria-labelledby=\"cat-249-tab\">\n        \t\t<div class=\"row px-1 radio-group\">\n         \t\t\t\t<div class=\"card-block text-center\">\n                <span class=\"badge badge-primary\">2 Tokens<\/span>\t\t\t\t<div class=\"image-icon\"> <img decoding=\"async\" class=\"icon icon1 fit-image\" src=\"https:\/\/cdn.ecu-carprog.com\/wp-content\/uploads\/2021\/02\/ORIGINAAL-FILE.jpg\"> <\/div>\n\t\t\t\t<p class=\"sub-desc\">Original Flash<\/p>\n                <a class=\"ecu-more-btn\" href=\"https:\/\/www.ecu-carprog.com\/services\/original-flash\/\">Plus de d\u00e9tails<\/a>\n                                <\/div>\n            \t\t\t\t<div class=\"card-block text-center\">\n                <span class=\"badge badge-primary\">3 Tokens<\/span>\t\t\t\t<div class=\"image-icon\"> <img decoding=\"async\" class=\"icon icon1 fit-image\" src=\"https:\/\/cdn.ecu-carprog.com\/wp-content\/uploads\/2021\/02\/VIRGIN-1.jpg\"> <\/div>\n\t\t\t\t<p class=\"sub-desc\">Virginisation BSI<\/p>\n                <a class=\"ecu-more-btn\" href=\"https:\/\/www.ecu-carprog.com\/services\/virginize\/\">Plus de d\u00e9tails<\/a>\n                                <\/div>\n            \t\t\t<\/div>\n                <\/div>\n            <div class=\"tab-pane fade\" id=\"cat-305\" role=\"tabpanel\" aria-labelledby=\"cat-305-tab\">\n        \t\t<div class=\"row px-1 radio-group\">\n         \t\t\t\t<div class=\"card-block text-center\">\n                <span class=\"badge badge-primary\">10 Tokens<\/span>\t\t\t\t<div class=\"image-icon\"> <img decoding=\"async\" class=\"icon icon1 fit-image\" src=\"https:\/\/cdn.ecu-carprog.com\/wp-content\/uploads\/2022\/02\/telechargement.jpg\"> <\/div>\n\t\t\t\t<p class=\"sub-desc\">Pops and Bangs<\/p>\n                <a class=\"ecu-more-btn\" href=\"https:\/\/www.ecu-carprog.com\/services\/pops-and-bangs\/\">Plus de d\u00e9tails<\/a>\n                                <\/div>\n            \t\t\t\t<div class=\"card-block text-center\">\n                <span class=\"badge badge-primary\">14 Tokens<\/span>\t\t\t\t<div class=\"image-icon\"> <img decoding=\"async\" class=\"icon icon1 fit-image\" src=\"https:\/\/cdn.ecu-carprog.com\/wp-content\/uploads\/2022\/02\/gestion-mot-3-large.png\"> <\/div>\n\t\t\t\t<p class=\"sub-desc\">Stage 1<\/p>\n                <a class=\"ecu-more-btn\" href=\"https:\/\/www.ecu-carprog.com\/services\/stage-1\/\">Plus de d\u00e9tails<\/a>\n                                <\/div>\n            \t\t\t\t<div class=\"card-block text-center\">\n                <span class=\"badge badge-primary\">16 Tokens<\/span>\t\t\t\t<div class=\"image-icon\"> <img decoding=\"async\" class=\"icon icon1 fit-image\" src=\"https:\/\/cdn.ecu-carprog.com\/wp-content\/uploads\/2022\/02\/gestion-mot-3-large.png\"> <\/div>\n\t\t\t\t<p class=\"sub-desc\">Stage 2<\/p>\n                <a class=\"ecu-more-btn\" href=\"https:\/\/www.ecu-carprog.com\/services\/stage-2\/\">Plus de d\u00e9tails<\/a>\n                                <\/div>\n            \t\t\t<\/div>\n                <\/div>\n            <div class=\"tab-pane fade\" id=\"cat-247\" role=\"tabpanel\" aria-labelledby=\"cat-247-tab\">\n        \t\t<div class=\"row px-1 radio-group\">\n         \t\t\t\t<div class=\"card-block text-center\">\n                <span class=\"badge badge-primary\">1 Token<\/span>\t\t\t\t<div class=\"image-icon\"> <img decoding=\"async\" class=\"icon icon1 fit-image\" src=\"https:\/\/cdn.ecu-carprog.com\/wp-content\/uploads\/2021\/02\/BOSCH-COMPATIBLE-LISTE.jpg\"> <\/div>\n\t\t\t\t<p class=\"sub-desc\">Bosch Compatibility list<\/p>\n                <a class=\"ecu-more-btn\" href=\"https:\/\/www.ecu-carprog.com\/services\/bosch-compatibility-list\/\">Plus de d\u00e9tails<\/a>\n                                <\/div>\n            \t\t\t\t<div class=\"card-block text-center\">\n                <span class=\"badge badge-primary\">5 Tokens<\/span>\t\t\t\t<div class=\"image-icon\"> <img decoding=\"async\" class=\"icon icon1 fit-image\" src=\"https:\/\/cdn.ecu-carprog.com\/wp-content\/uploads\/2021\/02\/Clone-EDC17.jpg\"> <\/div>\n\t\t\t\t<p class=\"sub-desc\">CLONAGE VAG EDC17 \/ MED17<\/p>\n                <a class=\"ecu-more-btn\" href=\"https:\/\/www.ecu-carprog.com\/services\/vag-edc17-med17-clonage\/\">Plus de d\u00e9tails<\/a>\n                                <\/div>\n            \t\t\t\t<div class=\"card-block text-center\">\n                <span class=\"badge badge-primary\">3 Tokens<\/span>\t\t\t\t<div class=\"image-icon\"> <img decoding=\"async\" class=\"icon icon1 fit-image\" src=\"https:\/\/cdn.ecu-carprog.com\/wp-content\/uploads\/2021\/02\/SPEED-LIMITE-3.jpg\"> <\/div>\n\t\t\t\t<p class=\"sub-desc\">D\u00e9pose du limiteur de vitesse<\/p>\n                <a class=\"ecu-more-btn\" href=\"https:\/\/www.ecu-carprog.com\/services\/speed-limiter-removal\/\">Plus de d\u00e9tails<\/a>\n                                <\/div>\n            \t\t\t\t<div class=\"card-block text-center\">\n                <span class=\"badge badge-primary\">2 Tokens<\/span>\t\t\t\t<div class=\"image-icon\"> <img decoding=\"async\" class=\"icon icon1 fit-image\" src=\"https:\/\/cdn.ecu-carprog.com\/wp-content\/uploads\/2021\/02\/TORQUE-LOGO.jpg\"> <\/div>\n\t\t\t\t<p class=\"sub-desc\">D\u00e9sactiv\u00e9 contr\u00f4le du couple<\/p>\n                <a class=\"ecu-more-btn\" href=\"https:\/\/www.ecu-carprog.com\/services\/torque-monitoring-disable\/\">Plus de d\u00e9tails<\/a>\n                                <\/div>\n            \t\t\t\t<div class=\"card-block text-center\">\n                <span class=\"badge badge-primary\">3 Tokens<\/span>\t\t\t\t<div class=\"image-icon\"> <img decoding=\"async\" class=\"icon icon1 fit-image\" src=\"https:\/\/cdn.ecu-carprog.com\/wp-content\/uploads\/2021\/02\/START-STOP.jpg\"> <\/div>\n\t\t\t\t<p class=\"sub-desc\">D\u00e9sactiver Start-Stop<\/p>\n                <a class=\"ecu-more-btn\" href=\"https:\/\/www.ecu-carprog.com\/services\/startstop-disable\/\">Plus de d\u00e9tails<\/a>\n                                <\/div>\n            \t\t\t\t<div class=\"card-block text-center\">\n                <span class=\"badge badge-primary\">4 Tokens<\/span>\t\t\t\t<div class=\"image-icon\"> <img decoding=\"async\" class=\"icon icon1 fit-image\" src=\"https:\/\/cdn.ecu-carprog.com\/wp-content\/uploads\/2021\/02\/ORIGINAAL-FILE.jpg\"> <\/div>\n\t\t\t\t<p class=\"sub-desc\">Fichiers originaux<\/p>\n                <a class=\"ecu-more-btn\" href=\"https:\/\/www.ecu-carprog.com\/services\/original-files\/\">Plus de d\u00e9tails<\/a>\n                                <\/div>\n            \t\t\t\t<div class=\"card-block text-center\">\n                <span class=\"badge badge-primary\">4 Tokens<\/span>\t\t\t\t<div class=\"image-icon\"> <img decoding=\"async\" class=\"icon icon1 fit-image\" src=\"https:\/\/cdn.ecu-carprog.com\/wp-content\/uploads\/2022\/02\/images.png\"> <\/div>\n\t\t\t\t<p class=\"sub-desc\">Hot Start Fix<\/p>\n                <a class=\"ecu-more-btn\" href=\"https:\/\/www.ecu-carprog.com\/services\/hot-start-fix\/\">Plus de d\u00e9tails<\/a>\n                                <\/div>\n            \t\t\t\t<div class=\"card-block text-center\">\n                <span class=\"badge badge-primary\">4 Tokens<\/span>\t\t\t\t<div class=\"image-icon\"> <img decoding=\"async\" class=\"icon icon1 fit-image\" src=\"https:\/\/cdn.ecu-carprog.com\/wp-content\/uploads\/2021\/02\/IMMO-OFF-1.jpg\"> <\/div>\n\t\t\t\t<p class=\"sub-desc\">Immo OFF<\/p>\n                <a class=\"ecu-more-btn\" href=\"https:\/\/www.ecu-carprog.com\/services\/immo-off\/\">Plus de d\u00e9tails<\/a>\n                                <\/div>\n            \t\t\t\t<div class=\"card-block text-center\">\n                <span class=\"badge badge-primary\">4 Tokens<\/span>\t\t\t\t<div class=\"image-icon\"> <img decoding=\"async\" class=\"icon icon1 fit-image\" src=\"https:\/\/cdn.ecu-carprog.com\/wp-content\/uploads\/2021\/02\/MAF-1.jpg\"> <\/div>\n\t\t\t\t<p class=\"sub-desc\">MAF Removal<\/p>\n                <a class=\"ecu-more-btn\" href=\"https:\/\/www.ecu-carprog.com\/services\/maf-removal\/\">Plus de d\u00e9tails<\/a>\n                                <\/div>\n            \t\t\t\t<div class=\"card-block text-center\">\n                <span class=\"badge badge-primary\">3 Tokens<\/span>\t\t\t\t<div class=\"image-icon\"> <img decoding=\"async\" class=\"icon icon1 fit-image\" src=\"https:\/\/cdn.ecu-carprog.com\/wp-content\/uploads\/2021\/02\/Flaps-Swirl-Removal-5.jpg\"> <\/div>\n\t\t\t\t<p class=\"sub-desc\">Retrait des volets \/ Tourbillon<\/p>\n                <a class=\"ecu-more-btn\" href=\"https:\/\/www.ecu-carprog.com\/services\/flaps-swirl-removal\/\">Plus de d\u00e9tails<\/a>\n                                <\/div>\n            \t\t\t\t<div class=\"card-block text-center\">\n                <span class=\"badge badge-primary\">4 Tokens<\/span>\t\t\t\t<div class=\"image-icon\"> <img decoding=\"async\" class=\"icon icon1 fit-image\" src=\"https:\/\/cdn.ecu-carprog.com\/wp-content\/uploads\/2021\/02\/icon_bottle-1.jpg\"> <\/div>\n\t\t\t\t<p class=\"sub-desc\">Suppression ADBlue<\/p>\n                <a class=\"ecu-more-btn\" href=\"https:\/\/www.ecu-carprog.com\/services\/adblue-removal\/\">Plus de d\u00e9tails<\/a>\n                                <\/div>\n            \t\t\t\t<div class=\"card-block text-center\">\n                <span class=\"badge badge-primary\">3 Tokens<\/span>\t\t\t\t<div class=\"image-icon\"> <img decoding=\"async\" class=\"icon icon1 fit-image\" src=\"https:\/\/cdn.ecu-carprog.com\/wp-content\/uploads\/2021\/01\/icon_dpf.jpg\"> <\/div>\n\t\t\t\t<p class=\"sub-desc\">Suppression DPF<\/p>\n                <a class=\"ecu-more-btn\" href=\"https:\/\/www.ecu-carprog.com\/services\/dpf-removal\/\">Plus de d\u00e9tails<\/a>\n                                <\/div>\n            \t\t\t\t<div class=\"card-block text-center\">\n                <span class=\"badge badge-primary\">3 Tokens<\/span>\t\t\t\t<div class=\"image-icon\"> <img decoding=\"async\" class=\"icon icon1 fit-image\" src=\"https:\/\/cdn.ecu-carprog.com\/wp-content\/uploads\/2021\/01\/icon_dtc-2.jpg\"> <\/div>\n\t\t\t\t<p class=\"sub-desc\">Suppression du DTC<\/p>\n                <a class=\"ecu-more-btn\" href=\"https:\/\/www.ecu-carprog.com\/services\/dtc-removal\/\">Plus de d\u00e9tails<\/a>\n                                <\/div>\n            \t\t\t\t<div class=\"card-block text-center\">\n                <span class=\"badge badge-primary\">3 Tokens<\/span>\t\t\t\t<div class=\"image-icon\"> <img decoding=\"async\" class=\"icon icon1 fit-image\" src=\"https:\/\/cdn.ecu-carprog.com\/wp-content\/uploads\/2021\/01\/egr-off-1.jpg\"> <\/div>\n\t\t\t\t<p class=\"sub-desc\">Suppression EGR<\/p>\n                <a class=\"ecu-more-btn\" href=\"https:\/\/www.ecu-carprog.com\/services\/egr-removal\/\">Plus de d\u00e9tails<\/a>\n                                <\/div>\n            \t\t\t\t<div class=\"card-block text-center\">\n                <span class=\"badge badge-primary\">3 Tokens<\/span>\t\t\t\t<div class=\"image-icon\"> <img decoding=\"async\" class=\"icon icon1 fit-image\" src=\"https:\/\/cdn.ecu-carprog.com\/wp-content\/uploads\/2021\/02\/icon_lambda.jpg\"> <\/div>\n\t\t\t\t<p class=\"sub-desc\">Suppression Lambda\/O2<\/p>\n                <a class=\"ecu-more-btn\" href=\"https:\/\/www.ecu-carprog.com\/services\/lambda-o2-removal\/\">Plus de d\u00e9tails<\/a>\n                                <\/div>\n            \t\t\t\t<div class=\"card-block text-center\">\n                <span class=\"badge badge-primary\">3 Tokens<\/span>\t\t\t\t<div class=\"image-icon\"> <img decoding=\"async\" class=\"icon icon1 fit-image\" src=\"https:\/\/cdn.ecu-carprog.com\/wp-content\/uploads\/2021\/02\/TVA-Removal.jpg\"> <\/div>\n\t\t\t\t<p class=\"sub-desc\">Suppression TVA<\/p>\n                <a class=\"ecu-more-btn\" href=\"https:\/\/www.ecu-carprog.com\/services\/tva-removal\/\">Plus de d\u00e9tails<\/a>\n                                <\/div>\n            \t\t\t\t<div class=\"card-block text-center\">\n                <span class=\"badge badge-primary\">3 Tokens<\/span>\t\t\t\t<div class=\"image-icon\"> <img decoding=\"async\" class=\"icon icon1 fit-image\" src=\"https:\/\/cdn.ecu-carprog.com\/wp-content\/uploads\/2021\/02\/VIRGIN-1.jpg\"> <\/div>\n\t\t\t\t<p class=\"sub-desc\">Virginize ECU<\/p>\n                <a class=\"ecu-more-btn\" href=\"https:\/\/www.ecu-carprog.com\/services\/virginize-ecu\/\">Plus de d\u00e9tails<\/a>\n                                <\/div>\n            \t\t\t<\/div>\n                <\/div>\n            <div class=\"tab-pane fade\" id=\"cat-250\" role=\"tabpanel\" aria-labelledby=\"cat-250-tab\">\n        \t\t<div class=\"row px-1 radio-group\">\n         \t\t\t\t<div class=\"card-block text-center\">\n                <span class=\"badge badge-primary\">3 Tokens<\/span>\t\t\t\t<div class=\"image-icon\"> <img decoding=\"async\" class=\"icon icon1 fit-image\" src=\"https:\/\/cdn.ecu-carprog.com\/wp-content\/uploads\/2021\/02\/PINCODE-1.jpg\"> <\/div>\n\t\t\t\t<p class=\"sub-desc\">Extraction PIN<\/p>\n                <a class=\"ecu-more-btn\" href=\"https:\/\/www.ecu-carprog.com\/services\/pin-extract\/\">Plus de d\u00e9tails<\/a>\n                                <\/div>\n            \t\t\t<\/div>\n                <\/div>\n             <\/div>            <\/div>\n        <\/div>\n    <\/div>\n<\/div>\n<\/section>\n","protected":false},"excerpt":{"rendered":"","protected":false},"author":1,"featured_media":0,"parent":0,"menu_order":0,"comment_status":"closed","ping_status":"closed","template":"elementor_header_footer","meta":{"_acf_changed":false,"inline_featured_image":false,"footnotes":""},"class_list":["post-1321","page","type-page","status-publish","hentry"],"acf":[],"yoast_head":"<!-- This site is optimized with the Yoast SEO plugin v27.3 - https:\/\/yoast.com\/product\/yoast-seo-wordpress\/ -->\n<title>Services - ECU-CARPROG.COM<\/title>\n<meta name=\"robots\" content=\"index, follow, max-snippet:-1, max-image-preview:large, max-video-preview:-1\" \/>\n<link rel=\"canonical\" href=\"https:\/\/www.ecu-carprog.com\/fr\/services\/\" \/>\n<meta property=\"og:locale\" content=\"fr_FR\" \/>\n<meta property=\"og:type\" content=\"article\" \/>\n<meta property=\"og:title\" content=\"Services - ECU-CARPROG.COM\" \/>\n<meta property=\"og:url\" content=\"https:\/\/www.ecu-carprog.com\/fr\/services\/\" \/>\n<meta property=\"og:site_name\" content=\"ECU-CARPROG.COM\" \/>\n<meta property=\"article:publisher\" content=\"https:\/\/www.facebook.com\/diagnostic.auto.tunisie\" \/>\n<meta property=\"article:modified_time\" content=\"2021-02-14T18:26:43+00:00\" \/>\n<meta name=\"twitter:card\" content=\"summary_large_image\" \/>\n<script type=\"application\/ld+json\" class=\"yoast-schema-graph\">{\"@context\":\"https:\\\/\\\/schema.org\",\"@graph\":[{\"@type\":\"WebPage\",\"@id\":\"https:\\\/\\\/www.ecu-carprog.com\\\/fr\\\/services\\\/\",\"url\":\"https:\\\/\\\/www.ecu-carprog.com\\\/fr\\\/services\\\/\",\"name\":\"Services - ECU-CARPROG.COM\",\"isPartOf\":{\"@id\":\"https:\\\/\\\/www.ecu-carprog.com\\\/#website\"},\"datePublished\":\"2021-02-14T16:59:18+00:00\",\"dateModified\":\"2021-02-14T18:26:43+00:00\",\"breadcrumb\":{\"@id\":\"https:\\\/\\\/www.ecu-carprog.com\\\/fr\\\/services\\\/#breadcrumb\"},\"inLanguage\":\"fr-FR\",\"potentialAction\":[{\"@type\":\"ReadAction\",\"target\":[\"https:\\\/\\\/www.ecu-carprog.com\\\/fr\\\/services\\\/\"]}]},{\"@type\":\"BreadcrumbList\",\"@id\":\"https:\\\/\\\/www.ecu-carprog.com\\\/fr\\\/services\\\/#breadcrumb\",\"itemListElement\":[{\"@type\":\"ListItem\",\"position\":1,\"name\":\"Home\",\"item\":\"https:\\\/\\\/www.ecu-carprog.com\\\/fr\\\/\"},{\"@type\":\"ListItem\",\"position\":2,\"name\":\"Services\"}]},{\"@type\":\"WebSite\",\"@id\":\"https:\\\/\\\/www.ecu-carprog.com\\\/#website\",\"url\":\"https:\\\/\\\/www.ecu-carprog.com\\\/\",\"name\":\"ECU-CARPROG.COM\",\"description\":\"\",\"publisher\":{\"@id\":\"https:\\\/\\\/www.ecu-carprog.com\\\/#organization\"},\"potentialAction\":[{\"@type\":\"SearchAction\",\"target\":{\"@type\":\"EntryPoint\",\"urlTemplate\":\"https:\\\/\\\/www.ecu-carprog.com\\\/?s={search_term_string}\"},\"query-input\":{\"@type\":\"PropertyValueSpecification\",\"valueRequired\":true,\"valueName\":\"search_term_string\"}}],\"inLanguage\":\"fr-FR\"},{\"@type\":\"Organization\",\"@id\":\"https:\\\/\\\/www.ecu-carprog.com\\\/#organization\",\"name\":\"ECU-CARPROG.COM\",\"url\":\"https:\\\/\\\/www.ecu-carprog.com\\\/\",\"logo\":{\"@type\":\"ImageObject\",\"inLanguage\":\"fr-FR\",\"@id\":\"https:\\\/\\\/www.ecu-carprog.com\\\/#\\\/schema\\\/logo\\\/image\\\/\",\"url\":\"https:\\\/\\\/www.ecu-carprog.com\\\/wp-content\\\/uploads\\\/2023\\\/01\\\/logo-ecucaprog.png\",\"contentUrl\":\"https:\\\/\\\/www.ecu-carprog.com\\\/wp-content\\\/uploads\\\/2023\\\/01\\\/logo-ecucaprog.png\",\"width\":414,\"height\":76,\"caption\":\"ECU-CARPROG.COM\"},\"image\":{\"@id\":\"https:\\\/\\\/www.ecu-carprog.com\\\/#\\\/schema\\\/logo\\\/image\\\/\"},\"sameAs\":[\"https:\\\/\\\/www.facebook.com\\\/diagnostic.auto.tunisie\"]}]}<\/script>\n<!-- \/ Yoast SEO plugin. -->","yoast_head_json":{"title":"Services - ECU-CARPROG.COM","robots":{"index":"index","follow":"follow","max-snippet":"max-snippet:-1","max-image-preview":"max-image-preview:large","max-video-preview":"max-video-preview:-1"},"canonical":"https:\/\/www.ecu-carprog.com\/fr\/services\/","og_locale":"fr_FR","og_type":"article","og_title":"Services - ECU-CARPROG.COM","og_url":"https:\/\/www.ecu-carprog.com\/fr\/services\/","og_site_name":"ECU-CARPROG.COM","article_publisher":"https:\/\/www.facebook.com\/diagnostic.auto.tunisie","article_modified_time":"2021-02-14T18:26:43+00:00","twitter_card":"summary_large_image","schema":{"@context":"https:\/\/schema.org","@graph":[{"@type":"WebPage","@id":"https:\/\/www.ecu-carprog.com\/fr\/services\/","url":"https:\/\/www.ecu-carprog.com\/fr\/services\/","name":"Services - ECU-CARPROG.COM","isPartOf":{"@id":"https:\/\/www.ecu-carprog.com\/#website"},"datePublished":"2021-02-14T16:59:18+00:00","dateModified":"2021-02-14T18:26:43+00:00","breadcrumb":{"@id":"https:\/\/www.ecu-carprog.com\/fr\/services\/#breadcrumb"},"inLanguage":"fr-FR","potentialAction":[{"@type":"ReadAction","target":["https:\/\/www.ecu-carprog.com\/fr\/services\/"]}]},{"@type":"BreadcrumbList","@id":"https:\/\/www.ecu-carprog.com\/fr\/services\/#breadcrumb","itemListElement":[{"@type":"ListItem","position":1,"name":"Home","item":"https:\/\/www.ecu-carprog.com\/fr\/"},{"@type":"ListItem","position":2,"name":"Services"}]},{"@type":"WebSite","@id":"https:\/\/www.ecu-carprog.com\/#website","url":"https:\/\/www.ecu-carprog.com\/","name":"ECU-CARPROG.COM","description":"","publisher":{"@id":"https:\/\/www.ecu-carprog.com\/#organization"},"potentialAction":[{"@type":"SearchAction","target":{"@type":"EntryPoint","urlTemplate":"https:\/\/www.ecu-carprog.com\/?s={search_term_string}"},"query-input":{"@type":"PropertyValueSpecification","valueRequired":true,"valueName":"search_term_string"}}],"inLanguage":"fr-FR"},{"@type":"Organization","@id":"https:\/\/www.ecu-carprog.com\/#organization","name":"ECU-CARPROG.COM","url":"https:\/\/www.ecu-carprog.com\/","logo":{"@type":"ImageObject","inLanguage":"fr-FR","@id":"https:\/\/www.ecu-carprog.com\/#\/schema\/logo\/image\/","url":"https:\/\/cdn.ecu-carprog.com\/wp-content\/uploads\/2023\/01\/logo-ecucaprog.png","contentUrl":"https:\/\/cdn.ecu-carprog.com\/wp-content\/uploads\/2023\/01\/logo-ecucaprog.png","width":414,"height":76,"caption":"ECU-CARPROG.COM"},"image":{"@id":"https:\/\/www.ecu-carprog.com\/#\/schema\/logo\/image\/"},"sameAs":["https:\/\/www.facebook.com\/diagnostic.auto.tunisie"]}]}},"_links":{"self":[{"href":"https:\/\/www.ecu-carprog.com\/fr\/wp-json\/wp\/v2\/pages\/1321","targetHints":{"allow":["GET"]}}],"collection":[{"href":"https:\/\/www.ecu-carprog.com\/fr\/wp-json\/wp\/v2\/pages"}],"about":[{"href":"https:\/\/www.ecu-carprog.com\/fr\/wp-json\/wp\/v2\/types\/page"}],"author":[{"embeddable":true,"href":"https:\/\/www.ecu-carprog.com\/fr\/wp-json\/wp\/v2\/users\/1"}],"replies":[{"embeddable":true,"href":"https:\/\/www.ecu-carprog.com\/fr\/wp-json\/wp\/v2\/comments?post=1321"}],"version-history":[{"count":1,"href":"https:\/\/www.ecu-carprog.com\/fr\/wp-json\/wp\/v2\/pages\/1321\/revisions"}],"predecessor-version":[{"id":1322,"href":"https:\/\/www.ecu-carprog.com\/fr\/wp-json\/wp\/v2\/pages\/1321\/revisions\/1322"}],"wp:attachment":[{"href":"https:\/\/www.ecu-carprog.com\/fr\/wp-json\/wp\/v2\/media?parent=1321"}],"curies":[{"name":"wp","href":"https:\/\/api.w.org\/{rel}","templated":true}]}}