{"id":1614,"date":"2021-02-16T01:20:33","date_gmt":"2021-02-16T00:20:33","guid":{"rendered":"https:\/\/ecu.preprod.itcane.com\/?post_type=product&#038;p=1614"},"modified":"2024-07-05T23:53:58","modified_gmt":"2024-07-05T21:53:58","slug":"xtool-ad10-obd2-eobd-copy-copy-copy-copy","status":"publish","type":"product","link":"https:\/\/www.ecu-carprog.com\/fr\/produit\/xtool-ad10-obd2-eobd-copy-copy-copy-copy\/","title":{"rendered":"Programmeur ECU KTMBENCH pour la lecture et l&#8217;\u00e9criture de d\u00e9marrage et de banc"},"content":{"rendered":"<div class=\"o9v6fnle cxmmr5t8 oygrvhab hcukyx3x c1et5uql ii04i59q\">\n<div dir=\"auto\">\n<p><strong>Description du produit<\/strong><\/p>\n<div>\n<p><strong>Programmeur ECU KTM BENCH pour BOOT et Bench Lire et \u00e9crire<\/strong><\/p>\n<p>1. PAS DE LIMITES du mod\u00e8le de voiture et de l&#8217;ann\u00e9e + PAS BESOIN de d\u00e9monter les calculateurs Lire et \u00e9crire les calculateurs Bosch (puces Infineon) incl.\u00a0flash et eeprom<br \/>\n2. MOINS DE RISQUES pour cloner \/ copier des calculateurs Capable de modifier les donn\u00e9es ou de faire le r\u00e9glage de la puce pour obtenir des performances sup\u00e9rieures<br \/>\n3. BEAUCOUP MOINS CHER, par rapport aux m\u00eames outils fonctionnels Le prix est de 1\/10 des autres outils de programmation du march\u00e9<br \/>\n4. Aucune limitation de jeton.\u00a0Peut calculer les sommes de contr\u00f4le.<\/p>\n<\/div>\n<div><\/div>\n<div>\n<p><strong>Fonction KTM BENCH \uff1a<\/strong><\/p>\n<p>Couvrir BMW N20, N55, N63, etc. pour changer ou lire \/ \u00e9crire des codes ISN (fait avec d&#8217;autres outils)<br \/>\nCouvrir Bentley MED17.1.1 pour lire \/ \u00e9crire des donn\u00e9es immo<br \/>\nCouvrir la derni\u00e8re Jaguar MED17.8.32<br \/>\nCouvrir VW MED17.5.5, MED17. 5.22, MED17.5.25<br \/>\n\u2026<br \/>\nTOUT peut \u00eatre fait sans d\u00e9montage de l&#8217;ECU Bon \u00e9quipement de haute qualit\u00e9 et avec la meilleure technologie<br \/>\nService professionnel et bonne efficacit\u00e9<\/p>\n<p><strong>Lire et \u00e9crire un ECU de deux mani\u00e8res: BOOT et Bench<\/strong><br \/>\n<strong>R \/ W un ECU via BOOT:<\/strong><\/p>\n<p>Infineon: TC1762 \/ TC1766 MICRO (1504KB) (permanent)<br \/>\nInfineon: TC1762 \/ TC1766 EEPROM (32KB) (permanent)<br \/>\nInfineon: TC1792 \/ TC1796 MICRO (2048KB) (permanent)<br \/>\nInfineon: TC1796 MICRO + EXT (4096KB \/ 6144KB) (permanent)<br \/>\nInfineon: TC1796 EXT (2048KB \/ 4096KB) (permanent)<br \/>\nInfineon: TC1796 EEPROM (128KB) (permanent)<br \/>\nInfineon: TC1792 EEPROM (64KB) (permanent)<br \/>\nInfineon: TC1738 \/ TC1767 MICRO (2048KB) (permanent)<br \/>\nInfineon: TC1738 \/ TC1767 EEPROM (64Ko) (permanent)<br \/>\nInfineon: TC1797 MICRO (4096KB) (permanent)<br \/>\nInfineon: TC1797 MICRO + EXT (6144KB \/ 8192KB) (permanent)<br \/>\nInfineon: TC1797 EXT (2048KB \/ 4096KB) (permanent)<br \/>\nInfineon: TC1797 EEPROM (64KB) ( permanent)<br \/>\nInfineon: TC1724 \/ TC1728 MICRO (1536KB) (permanent)<br \/>\nInfineon: TC1724 \/ TC1728 EEPROM (64Ko) (permanent)<br \/>\nInfineon: TC1782 \/ TC1784 MICRO (2560KB) (permanent)<br \/>\nInfineon: TC1782 \/ TC1784 EEPROM (128KB) (permanent)<br \/>\nInfineon: TC1793 \/ TC1798 MICRO (4096KB) (permanent)<br \/>\nInfineon: TC1793 \/ TC1798 MICRO + EXT (6144KB \/ 8192KB) (permanent)<br \/>\nInfineon: TC1793 \/ TC1798 EXT (2048KB \/ 4096KB) (permanent)<br \/>\nInfineon: TC1793 \/ TC1798 EEPROM (192KB) permanent)<br \/>\nBosch: BMW \/ MB \/ VAG GPT (permanent)<br \/>\nBosch: Ford \/ Opel \/ Volvo GPT (permanent)<br \/>\nBosch: BMW TPROT8 + (permanent)<br \/>\nBosch: VAG TPROT8 + (permanent)<br \/>\nBosch: Kia \/ Hyundai \/ Honda TPROT8 + (permanent)<br \/>\nBosch : Chrysler \/ Jeep \/ Dodge \/ Fiat TPROT8 + [Test] (permanent)<br \/>\nBosch: VAZ \/ UAZ ME17.9.71 (permanent)<br \/>\nBosch: Chine ME17.8.8 (permanent)<br \/>\nContinental: Kia \/ Hyundai \/ SsangYong SIM2K-24X \/ C201 (permanent)<br \/>\nContinental: Ford EMS2204 (permanent)<br \/>\nContinental: Ford EMS2207 (permanent)<br \/>\nContinental : Ford EMS2211 (permanent)<br \/>\nContinental: Ford SID208 (permanent)<br \/>\nContinental: Ford SID209 (permanent)<br \/>\nContinental: Ford Mondeo 4 SID807EVO (permanent)<br \/>\nContinental: Ford Focus 3 \/ Transit Connect SID807EVO (permanent)<br \/>\nContinental: Citroen \/ Peugeot SID208 (permanent)<br \/>\nKia \/ Hyundai: Delphi MT86 EEPROM (16 Ko) (permanent)<br \/>\nMercedes-Benz: Delphi CRD3.1 EEPROM (32 Ko) (permanent)<\/p>\n<p><strong>Lire et \u00e9crire un ECU sur BANC (sans d\u00e9monter un ECU) Les<\/strong><br \/>\n<strong>ECU couverts:<\/strong><\/p>\n<p>BOSCH_MED17.1.62_IROM_TC1793_EGPT_VAG<br \/>\nBOSCH_EDC17C60_IROM_TC1793_EGPT_PSA<br \/>\nBOSCH ME17.5.26 TC1724 VAG e-TPG<br \/>\nBOSCH_EDC17CP57_IROM_TC1793_EGPT_MERCEDES<br \/>\nBOSCH_EDC17C69_IROM_TC1793_EGPT_FCA<br \/>\nBOSCH_EDC17CP04_IROM_TC1796_EGPT_VAG<br \/>\nBOSCH_EDC17CP14_XROM_TC1796_EGPT_VAG<br \/>\nBOSCH_EDC17C19_IROM_TC1792_EGPT_OPEL<br \/>\nBOSCH_EDC17CP02_IROM_TC1766_EGPT_BMW<br \/>\nBOSCH_EDC17CP10_XROM_TC1796_EGPT_MEB<br \/>\nBOSCH_EDC17CP09_XROM_TC1796_EGPT_BMW<br \/>\nBOSCH_EDC17CP01_IROM_TC1796_EGPT_MEB<br \/>\nBOSCH_EDC17CP22_XROM_TC1796_EGPT_VOLVO<br \/>\nBOSCH_EDC17CP24_XROM_TC1796_EGPT_VAG<br \/>\nBOSCH_EDC17C08_IROM_TC1766_EGPT_KIA_HYUNDAI<br \/>\nBOSCH_EDC17CP20_XROM_TC1796_EGPT_VAG<br \/>\nBOSCH_EDC17CP07_IROM_TC1766_EGPT_TOYOTA<br \/>\nBOSCH_MEDV174_IROM_TC1766_EGPT_PSA<br \/>\nBOSCH_EDC17CP05_XROM_TC1796_EGPT_FORD<br \/>\nBOSCH_MEDV174_XROM_TC1796_EGPT_PSA<br \/>\nBOSCH_MEVD17.2_IROM_TC1797_EGPT_BMW<br \/>\nBOSCH_MED17.1_XROM_TC1796_EGPT_VAG<br \/>\nBOSCH_EDC17C10_IROM_TC1797_EGPT_PSA<br \/>\nBOSCH_EDC17CP45_IROM_TC1797_EGPT_BMW<br \/>\nBOSCH_EDC17CP10_XROM_TC1796_EGPT_MEB<br \/>\nBOSCH_EDC17CV52_IROM_TC1797_EGPT_DEUTZ<br \/>\nBOSCH_EDC17C18_IROM_TC1766_EGPT_OPEL<br \/>\nBOSCH_EDC17C10_IROM_TC1797_EGPT_FORD<br \/>\nBOSCH_MED17.1.1_IROM_TC1796_EGPT_VAG<br \/>\nBOSCH_EDC17C46_IROM_TC1767_EGPT_VAG<br \/>\nBOSCH_ME17.9.11_IROM_TC1762_EGPT_KIA_HYUNDAI<br \/>\nBOSCH_EDC17CP52_IROM_TC1797_EGPT_ALL_BRAND<br \/>\nBOSCH_EDC17C08_IROM_TC1766_EGPT_PIAGGIO<br \/>\nBOSCH_MED17.1.1_IROM_TC1797_EGPT_VAG<br \/>\nBOSCH_EDC17C42_IROM_TC1767_EGPT_NISSAN<br \/>\nBOSCH_EDC17CP22_XROM_TC1796_EGPT_VOLVO<br \/>\nBOSCH_EDC17CV54_IROM_TC1767_EGPT_ALLBRAND<br \/>\nKEFICO_MEG17.9.12_IROM_TC1762_EGPT_KIA<br \/>\nBOSCH_EDC17CV54_IROM_TC1767_EGPT_ALLBRAND<br \/>\nBOSCH_ME172_BMSX_IROM_TC1797_EGPT_BMW_MOTORRAD<br \/>\nBOSCH_EDC17C53_IROM_TC1767_EGPT_MAHINDRA<br \/>\nBOSCH_EDC17C55_IROM_TC1767_EGPT_MAHINDRAV<br \/>\nBOSCH_EDC17C49_IROM_TC1797_EGPT_ALL_BRAND<br \/>\nBOSCH_ME17.7.8_TC1797_EGPT_IROM_MEB<br \/>\nBOSCH_ME17.9.21_IROM_TC1724_EGPT_KTM<br \/>\nBOSCH_EDC17CP14_IROM_TC1796_EGPT_HYUNDAI_KIA<br \/>\nBOSCH_EDC17C53_IROM_TC1767_EGPT_MAHINDRA<br \/>\nBOSCH_EDC17CV54_IROM_TC1767_EGPT_ALLBRAND<br \/>\nBOSCH_MED17.0.1_IROM_TC1767_EGPT_FORD<br \/>\nBOSCH_E86_IROM_TC1797_EGPT_CHEVROLET_GMC<br \/>\nBOSCH_EDC17CV42_IROM_TC1797_EGPT<br \/>\nBOSCH_EDC17CV41_IROM_TC1797_EGPT_ALLBRAND<br \/>\nBOSCH ME17.3.0 TC1724 EGPT FAL<br \/>\nBOSCH_MED17.3.3_IROM_TC1793_EGPT_FAL<br \/>\nBOSCH_EDC17C53_IROM_TC1767_EGPT_SAME<br \/>\nBOSCH_MED17.1.61_IROM_TC1793_EGPT_VAG<br \/>\nBOSCH_EDC17CP14_XROM_TC1796_EGPT_VAG<br \/>\nBOSCH_EDC17C41_IROM_TC1797_EGPT_BMW<br \/>\nBOSCH_E86_XROM_TC1796_EGPT_CHEVROLET_GMC<br \/>\nBOSCH_EDC17C50_IROM_TC1797_EGPT_BMW<br \/>\nBOSCH_EDC17C56_IROM_TC1797_EGPT_BMW<br \/>\nBOSCH_EDC17CP49_IROM_TC1797_EGPT_BMW<br \/>\nBOSCH_ME17.9.74_IROM_TC1762_EGPT_POLARIS<br \/>\nBOSCH_EDC17C64_IROM_TC1797_EGPT_VAG<br \/>\nBOSCH_MEVD172G_IROM_TC1797_EGPT_BMW<br \/>\nBOSCH_MEVD1728_IROM_TC1797_EGPT_BMW<br \/>\nBOSCH_EDC17CP48_IROM_TC1797_EGPT_VOLVO<br \/>\nBOSCH_EDC17C57_IROM_TC1793_EGPT_KIA_HYUNDAI<br \/>\nBOSCH_MED17.8.31_IROM_TC1797_EGPT_JAGUAR_LR<br \/>\nBOSCH_EDC17C59_IROM_TC1767_EGPT_OPEL<br \/>\nBOSCH_MED17.5.2_IROM_TC1767_EGPT_VAG<br \/>\nBOSCH_MED17.5.21_IROM_TC1782_EGPT_VAG<br \/>\nBOSCH_MED17.5.5_IROM_TC1767_EGPT_VAG<br \/>\nBOSCH_ME17.5.24_IROM_TC1724_EGPT_VAG<br \/>\nBOSCH_ME17.2.4.2_BMSO_IROM_TC1793_EGPT_BMW_MOTORRAD<br \/>\nBOSCH_EDC17C74_IROM_TC1793_EGPT_VAG<br \/>\nBOSCH_ME17.8.3_IROM_TC1797_EGPT_MCLAREN<br \/>\nBOSCH_MED17.3.4_IROM_TC1797_EGPT_MASERATI<br \/>\nBOSCH_EDC17C66_IROM_TC1793_EGPT_MERCEDES<br \/>\nBOSCH_MED17.7.5_IROM_TC1793_EGPT_MERCEDES<br \/>\nBOSCH_MED17.5.5_IROM_TC1766_EGPT_VAG<br \/>\nBOSCH_EDC17CP14_XROM_TC1796_EGPT_VAG<br \/>\nBOSCH_EDC17CP47_IROM_TC1797_EGPT_OPEL<br \/>\nBOSCH_MEVD17.2.3_IROM_TC1793_EGPT_BMW_MINI<br \/>\nBOSCH_MED17.1_IROM_TC1796_EGPT_VAG<br \/>\nBOSCH_EDC17C84_IROM_TC1782_EGPT_NISSAN<br \/>\nBOSCH_MED17.5.25_IROM_TC1782_EGPT_VAG<br \/>\nBOSCH_MED17.8.31_IROM_TC1797_EGPT_ASTONMARTIN<br \/>\nBOSCH_MED17.4.4_IROM_TC1793_EGPT_PSA<br \/>\nBOSCH_EDC17CP68_IROM_TC1797_EGPT_VOLVO<br \/>\nBOSCH_ME17.9.21_IROM_TC1724_EGPT_DUCATI<br \/>\nBOSCH_EDC17C73_IROM_TC1793_EGPT_TOYOTA<br \/>\nBOSCH_ME17.5.6_IROM_TC1767_EGPT_VAG<br \/>\nBOSCH_ME17.1.1_IROM_TC1796_EGPT_VAG<br \/>\nBOSCH_MED17.1.11_IROM_TC1797_EGPT_PORSCHE<br \/>\nBOSCH_MED17.1.21_IROM_TC1793_EGPT_VAG<br \/>\nBOSCH_EDC17CP50_IROM_TC1797_EGPT_HONDA<br \/>\nBOSCH_MED17.9.3_IROM_TC1793_EGPT_HONDA<br \/>\nBOSCH_EDC17C79_IROM_TC1797_EGPT_FCA<br \/>\nBOSCH_MED17.3.5_IROM_TC1793_EGPT_FCA<br \/>\nBOSCH_MED17.9.7_IROM_TC1767_EGPT_JAGUAR_LRV<br \/>\nBOSCH_EDC17CV42_IROM_TC1797_EGPT_MAN<br \/>\nBOSCH_MEDC17.9_IROM_TC1793_EGPT_JAGUAR_LR<br \/>\nBOSCH_EDC17CP55_IROM_TC1793_EGPT_JAGUAR<br \/>\nBOSCH_EDC17CP62_IROM_TC1793_EGPT_KIA_HYUNDAI<br \/>\nBOSCH_EDC17C70_IROM_TC1793_EGPT_FORD<br \/>\nBOSCH_EDC17C53_IROM_TC1767_EGPT_KIA_HYUNDA<br \/>\nBOSCH_MED17.2_IROM_TC1767_EGPT_FORD<br \/>\nBOSCH_MED17.1.27_IROM_TC1793_EGPT_VAG<br \/>\nBOSCH_MED17.9.63_IROM_TC1793_EGPT_SUZUKI<br \/>\nBOSCH_EDC17C49_IROM_TC1797_EGPT_ALL_BRAND<br \/>\nBOSCH_EDC17C76_IROM_TC1793_EGPT_BMW<br \/>\nBOSCH_ME17.5.20_IROM_TC1767_EGPT_VAG<br \/>\nBOSCH_EDC17C54_IROM_TC1797_EGPT_VAG<br \/>\nBOSCH_EDC17C53_IROM_TC1767_EGPT_MAHINDRA<br \/>\nBOSCH_EDC17CP65_IROM_TC1793_EGPT_FORD<br \/>\nBOSCH_EDC17C69_IROM_TC1793_EGPT_FCA<br \/>\nBOSCH_ME17.9.64_IROM_TC1724_EGPT_SUZUKI<br \/>\nBOSCH_ME17.9.52_IROM_TC1782_EGPT_TOYOTA<br \/>\nBOSCH_ME17.9.71_IROM_TC1724_EGPT_PSA<br \/>\nBOSCH_ME17.9.23_IROM_TC1724_EGPT<br \/>\nBOSCH_ME17.7_XROM_TC1796_EGPT_MEB<br \/>\nBOSCH_MED17.1.10_IROM_TC1793_EGPT_VAG<br \/>\nBOSCH_ME17.9.71_IROM_TC1724_EGPT_PSA<br \/>\nBOSCH ME17.5.22 TC1724 VAG e-TPG<br \/>\nBOSCH_EDC17CP05_IROM_TC1797_EGPT_FORD<br \/>\nBOSCH_ME17.2.4_BMSMP_IROM_TC1793_EGPT_BMW_MOTORRAD<br \/>\nBOSCH_MED17.0.7_IROM_TC1782_EGPT_FORD<br \/>\nBOSCH_MEVD1784_IROM_TC1797_EGPT_BMW<br \/>\nBOSCH_EDC17C83_IROM_TC1793_EGPT_ISUZU<br \/>\nBOSCH_MED17.8.32_IROM_TC1793_EGPT_JAGUAR_LR<br \/>\nBOSCH_MED17.7.7_IROM_TC1793_EGPT_MEB<br \/>\nBOSCH_ME17.9.53_IROM_TC1782_EGPT_TOYOTA<br \/>\nBOSCH_ME17.8.33_IROM_TC1793_MCLAREN<\/p>\n<p>&nbsp;<\/p>\n<\/div>\n<\/div>\n<\/div>\n","protected":false},"excerpt":{"rendered":"<p>Description du produit Programmeur ECU KTM BENCH pour BOOT et Bench Lire et \u00e9crire 1. PAS DE LIMITES du mod\u00e8le de voiture et de l&#8217;ann\u00e9e + PAS BESOIN de d\u00e9monter les calculateurs Lire et \u00e9crire les calculateurs Bosch (puces Infineon) incl.\u00a0flash et eeprom 2. MOINS DE RISQUES pour cloner \/ copier des calculateurs Capable de [&hellip;]<\/p>\n","protected":false},"featured_media":1636,"comment_status":"open","ping_status":"closed","template":"","meta":{"_acf_changed":false,"inline_featured_image":false},"product_brand":[],"product_cat":[300],"product_tag":[],"class_list":{"0":"post-1614","1":"product","2":"type-product","3":"status-publish","4":"has-post-thumbnail","6":"product_cat-programmeur-ecu-de-voiture-fr","8":"first","9":"instock","10":"shipping-taxable","11":"purchasable","12":"product-type-simple"},"acf":[],"yoast_head":"<!-- This site is optimized with the Yoast SEO plugin v27.3 - https:\/\/yoast.com\/product\/yoast-seo-wordpress\/ -->\n<title>ECU-CARPROG.COM<\/title>\n<meta name=\"robots\" content=\"index, follow, max-snippet:-1, max-image-preview:large, max-video-preview:-1\" \/>\n<meta property=\"og:locale\" content=\"fr_FR\" \/>\n<meta property=\"og:type\" content=\"article\" \/>\n<meta property=\"og:site_name\" content=\"ECU-CARPROG.COM\" \/>\n<meta name=\"twitter:card\" content=\"summary_large_image\" \/>\n<script type=\"application\/ld+json\" class=\"yoast-schema-graph\">{\"@context\":\"https:\\\/\\\/schema.org\",\"@graph\":[{\"@type\":\"CollectionPage\",\"@id\":null,\"url\":\"\",\"name\":\"\",\"isPartOf\":{\"@id\":\"https:\\\/\\\/www.ecu-carprog.com\\\/#website\"},\"inLanguage\":\"fr-FR\"},{\"@type\":\"WebSite\",\"@id\":\"https:\\\/\\\/www.ecu-carprog.com\\\/#website\",\"url\":\"https:\\\/\\\/www.ecu-carprog.com\\\/\",\"name\":\"ECU-CARPROG.COM\",\"description\":\"\",\"publisher\":{\"@id\":\"https:\\\/\\\/www.ecu-carprog.com\\\/#organization\"},\"potentialAction\":[{\"@type\":\"SearchAction\",\"target\":{\"@type\":\"EntryPoint\",\"urlTemplate\":\"https:\\\/\\\/www.ecu-carprog.com\\\/?s={search_term_string}\"},\"query-input\":{\"@type\":\"PropertyValueSpecification\",\"valueRequired\":true,\"valueName\":\"search_term_string\"}}],\"inLanguage\":\"fr-FR\"},{\"@type\":\"Organization\",\"@id\":\"https:\\\/\\\/www.ecu-carprog.com\\\/#organization\",\"name\":\"ECU-CARPROG.COM\",\"url\":\"https:\\\/\\\/www.ecu-carprog.com\\\/\",\"logo\":{\"@type\":\"ImageObject\",\"inLanguage\":\"fr-FR\",\"@id\":\"https:\\\/\\\/www.ecu-carprog.com\\\/#\\\/schema\\\/logo\\\/image\\\/\",\"url\":\"https:\\\/\\\/www.ecu-carprog.com\\\/wp-content\\\/uploads\\\/2023\\\/01\\\/logo-ecucaprog.png\",\"contentUrl\":\"https:\\\/\\\/www.ecu-carprog.com\\\/wp-content\\\/uploads\\\/2023\\\/01\\\/logo-ecucaprog.png\",\"width\":414,\"height\":76,\"caption\":\"ECU-CARPROG.COM\"},\"image\":{\"@id\":\"https:\\\/\\\/www.ecu-carprog.com\\\/#\\\/schema\\\/logo\\\/image\\\/\"},\"sameAs\":[\"https:\\\/\\\/www.facebook.com\\\/diagnostic.auto.tunisie\"]}]}<\/script>\n<!-- \/ Yoast SEO plugin. -->","yoast_head_json":{"title":"ECU-CARPROG.COM","robots":{"index":"index","follow":"follow","max-snippet":"max-snippet:-1","max-image-preview":"max-image-preview:large","max-video-preview":"max-video-preview:-1"},"og_locale":"fr_FR","og_type":"article","og_site_name":"ECU-CARPROG.COM","twitter_card":"summary_large_image","schema":{"@context":"https:\/\/schema.org","@graph":[{"@type":"CollectionPage","@id":null,"url":"","name":"","isPartOf":{"@id":"https:\/\/www.ecu-carprog.com\/#website"},"inLanguage":"fr-FR"},{"@type":"WebSite","@id":"https:\/\/www.ecu-carprog.com\/#website","url":"https:\/\/www.ecu-carprog.com\/","name":"ECU-CARPROG.COM","description":"","publisher":{"@id":"https:\/\/www.ecu-carprog.com\/#organization"},"potentialAction":[{"@type":"SearchAction","target":{"@type":"EntryPoint","urlTemplate":"https:\/\/www.ecu-carprog.com\/?s={search_term_string}"},"query-input":{"@type":"PropertyValueSpecification","valueRequired":true,"valueName":"search_term_string"}}],"inLanguage":"fr-FR"},{"@type":"Organization","@id":"https:\/\/www.ecu-carprog.com\/#organization","name":"ECU-CARPROG.COM","url":"https:\/\/www.ecu-carprog.com\/","logo":{"@type":"ImageObject","inLanguage":"fr-FR","@id":"https:\/\/www.ecu-carprog.com\/#\/schema\/logo\/image\/","url":"https:\/\/cdn.ecu-carprog.com\/wp-content\/uploads\/2023\/01\/logo-ecucaprog.png","contentUrl":"https:\/\/cdn.ecu-carprog.com\/wp-content\/uploads\/2023\/01\/logo-ecucaprog.png","width":414,"height":76,"caption":"ECU-CARPROG.COM"},"image":{"@id":"https:\/\/www.ecu-carprog.com\/#\/schema\/logo\/image\/"},"sameAs":["https:\/\/www.facebook.com\/diagnostic.auto.tunisie"]}]}},"_links":{"self":[{"href":"https:\/\/www.ecu-carprog.com\/fr\/wp-json\/wp\/v2\/product\/1614","targetHints":{"allow":["GET"]}}],"collection":[{"href":"https:\/\/www.ecu-carprog.com\/fr\/wp-json\/wp\/v2\/product"}],"about":[{"href":"https:\/\/www.ecu-carprog.com\/fr\/wp-json\/wp\/v2\/types\/product"}],"replies":[{"embeddable":true,"href":"https:\/\/www.ecu-carprog.com\/fr\/wp-json\/wp\/v2\/comments?post=1614"}],"wp:featuredmedia":[{"embeddable":true,"href":"https:\/\/www.ecu-carprog.com\/fr\/wp-json\/wp\/v2\/media\/1636"}],"wp:attachment":[{"href":"https:\/\/www.ecu-carprog.com\/fr\/wp-json\/wp\/v2\/media?parent=1614"}],"wp:term":[{"taxonomy":"product_brand","embeddable":true,"href":"https:\/\/www.ecu-carprog.com\/fr\/wp-json\/wp\/v2\/product_brand?post=1614"},{"taxonomy":"product_cat","embeddable":true,"href":"https:\/\/www.ecu-carprog.com\/fr\/wp-json\/wp\/v2\/product_cat?post=1614"},{"taxonomy":"product_tag","embeddable":true,"href":"https:\/\/www.ecu-carprog.com\/fr\/wp-json\/wp\/v2\/product_tag?post=1614"}],"curies":[{"name":"wp","href":"https:\/\/api.w.org\/{rel}","templated":true}]}}