{"id":2200,"date":"2021-02-23T18:19:39","date_gmt":"2021-02-23T19:57:57","guid":{"rendered":"https:\/\/www.ecu-carpro.com\/?post_type=product&#038;p=2200"},"modified":"2024-07-05T23:53:51","modified_gmt":"2024-07-05T21:53:51","slug":"launch-thinkdiag-4-0-avec-2-ans-de-mise-a-jour-en-ligne-diagzone-app","status":"publish","type":"product","link":"https:\/\/www.ecu-carprog.com\/fr\/produit\/launch-thinkdiag-4-0-avec-2-ans-de-mise-a-jour-en-ligne-diagzone-app\/","title":{"rendered":"Launch Thinkdiag 4.0 avec 2 ans de mise \u00e0 jour en ligne DIAGZONE APP"},"content":{"rendered":"<h2><\/h2>\n<h2><strong>THINKDIAG 4 <\/strong><strong>professionnels <\/strong><strong>automobiles <\/strong><strong>Scanner <\/strong><strong>complets <\/strong><strong>de syst\u00e8mes <\/strong><strong>OBD2<\/strong><strong>\u00a0pour Android<\/strong><\/h2>\n<p>&nbsp;<\/p>\n<p>Nouvelle version Thinkdiag Launch X431 Pro Diagnostic de voiture.<\/p>\n<div><\/div>\n<p>Mises \u00e0 jour gratuites de deux ans (pas de verrouillage apr\u00e8s deux ans, continuez \u00e0 utiliser) Mises \u00e0 jour du serveur tiers (DIAGZONE).<\/p>\n<div><\/div>\n<p>Version enti\u00e8rement activ\u00e9e avec toutes les fonctionnalit\u00e9s.<\/p>\n<div><\/div>\n<p>Communique via les informations de l&#8217;ECU du syst\u00e8me de lecture Bluetooth.<\/p>\n<div><\/div>\n<p>Lecteur de code de d\u00e9faut de tout module de commande (DTC).<\/p>\n<div><\/div>\n<p>Effacer les codes d&#8217;erreur (DTC).<\/p>\n<div><\/div>\n<p>Graphiques de donn\u00e9es en direct avec activation d&#8217;affichages, adaptation, codage en ligne (par exemple: ABS VAG O, FRM3 BMW) et plus encore.<\/p>\n<p>R\u00e9initialisation et r\u00e9g\u00e9n\u00e9ration du DPF.<\/p>\n<p>Programmation \/ codage des injecteurs.<\/p>\n<p>R\u00e9initialisation \u00e9lectronique du frein de stationnement Purge ABS.<\/p>\n<p>R\u00e9initialisation de l&#8217;huile et du service.<\/p>\n<p>R\u00e9initialisation SAS.<\/p>\n<p>Adaptation de la batterie.<\/p>\n<p>R\u00e9initialisation du capteur de NOx.<\/p>\n<p>Adaptation EGR.<\/p>\n<p>R\u00c9INITIALISATION STAR \/ STOP\u2026<\/p>\n<div><\/div>\n<div>\n<p><strong>Le forfait comprend:<\/strong><\/p>\n<ol>\n<li>Thinkdiag 4 Pro.<\/li>\n<li>C\u00e2ble d&#8217;extension Launch OBD.<\/li>\n<li>Pack logiciel complet de voitures et de services.<\/li>\n<li>Login et mot de passe.<\/li>\n<li>Application que vous pouvez installer vous-m\u00eame sur n&#8217;importe quel appareil Android.<\/li>\n<li>Samsung, Galaxy Tab A 2019, WiFi, (10, 1 Pouces, 32Go, Android 9.0).<\/li>\n<li>\u00c9tui en cuir PU de premi\u00e8re qualit\u00e9.<\/li>\n<li>Base de donn\u00e9es Haynes Pro 2017 PACKAGE COMPLET HORS LIGNE.<\/li>\n<\/ol>\n<p>&nbsp;<\/p>\n<p><strong>Caract\u00e9ristiques du Samsung Galaxy Tab A 2019 WiFi:<\/strong><\/p>\n<\/div>\n<p>&nbsp;<\/p>\n<div><\/div>\n<div>\n<table id=\"productDetails_techSpec_section_1\" class=\"a-keyvalue prodDetTable\" style=\"max-width: 776px; height: 1049px;\" role=\"presentation\" width=\"755\">\n<tbody>\n<tr>\n<th class=\"a-color-secondary a-size-base prodDetSectionEntry\">marque<\/th>\n<td class=\"a-size-base prodDetAttrValue\">Samsung<\/td>\n<\/tr>\n<tr>\n<th class=\"a-color-secondary a-size-base prodDetSectionEntry\">Num\u00e9ro de mod\u00e8le de l&#8217;article<\/th>\n<td class=\"a-size-base prodDetAttrValue\">SM-T510<\/td>\n<\/tr>\n<tr>\n<th class=\"a-color-secondary a-size-base prodDetSectionEntry\">s\u00e9ries<\/th>\n<td class=\"a-size-base prodDetAttrValue\">Samsung, Galaxy Tab A 2019, WiFi, (10,1 pouces, 32 Go, Android 9.0)<\/td>\n<\/tr>\n<tr>\n<th class=\"a-color-secondary a-size-base prodDetSectionEntry\">Couleur<\/th>\n<td class=\"a-size-base prodDetAttrValue\">Noir et argent<\/td>\n<\/tr>\n<tr>\n<th class=\"a-color-secondary a-size-base prodDetSectionEntry\">Garantie du fabricant<\/th>\n<td class=\"a-size-base prodDetAttrValue\">1 ans<\/td>\n<\/tr>\n<tr>\n<th class=\"a-color-secondary a-size-base prodDetSectionEntry\">Syst\u00e8me op\u00e9rateur<\/th>\n<td class=\"a-size-base prodDetAttrValue\">Android<\/td>\n<\/tr>\n<tr>\n<th class=\"a-color-secondary a-size-base prodDetSectionEntry\">Plateforme mat\u00e9rielle informatique<\/th>\n<td class=\"a-size-base prodDetAttrValue\">PC<\/td>\n<\/tr>\n<tr>\n<th class=\"a-color-secondary a-size-base prodDetSectionEntry\">Marque du processeur<\/th>\n<td class=\"a-size-base prodDetAttrValue\">Samsung<\/td>\n<\/tr>\n<tr>\n<th class=\"a-color-secondary a-size-base prodDetSectionEntry\">Type de processeur<\/th>\n<td class=\"a-size-base prodDetAttrValue\">Core i5<\/td>\n<\/tr>\n<tr>\n<th class=\"a-color-secondary a-size-base prodDetSectionEntry\">La vitesse du processeur<\/th>\n<td class=\"a-size-base prodDetAttrValue\">3,4 GHz<\/td>\n<\/tr>\n<tr>\n<th class=\"a-color-secondary a-size-base prodDetSectionEntry\">Nombre de coeurs<\/th>\n<td class=\"a-size-base prodDetAttrValue\">2<\/td>\n<\/tr>\n<tr>\n<th class=\"a-color-secondary a-size-base prodDetSectionEntry\">Taille de la RAM<\/th>\n<td class=\"a-size-base prodDetAttrValue\">2048 Mo<\/td>\n<\/tr>\n<tr>\n<th class=\"a-color-secondary a-size-base prodDetSectionEntry\">M\u00e9moire maximum<\/th>\n<td class=\"a-size-base prodDetAttrValue\">2 Go<\/td>\n<\/tr>\n<tr>\n<th class=\"a-color-secondary a-size-base prodDetSectionEntry\">Taille du disque dur<\/th>\n<td class=\"a-size-base prodDetAttrValue\">32 Go<\/td>\n<\/tr>\n<tr>\n<th class=\"a-color-secondary a-size-base prodDetSectionEntry\">Technologie de disque dur<\/th>\n<td class=\"a-size-base prodDetAttrValue\">Disque dur m\u00e9canique<\/td>\n<\/tr>\n<tr>\n<th class=\"a-color-secondary a-size-base prodDetSectionEntry\">Interface du disque dur<\/th>\n<td class=\"a-size-base prodDetAttrValue\">Coup de tonnerre<\/td>\n<\/tr>\n<tr>\n<th class=\"a-color-secondary a-size-base prodDetSectionEntry\">Taille de l&#8217;\u00e9cran<\/th>\n<td class=\"a-size-base prodDetAttrValue\">10,1 pouces<\/td>\n<\/tr>\n<tr>\n<th class=\"a-color-secondary a-size-base prodDetSectionEntry\">Chipset graphiques de marque<\/th>\n<td class=\"a-size-base prodDetAttrValue\">Samsung<\/td>\n<\/tr>\n<tr>\n<th class=\"a-color-secondary a-size-base prodDetSectionEntry\">Description de la carte graphique<\/th>\n<td class=\"a-size-base prodDetAttrValue\">Int\u00e9gr\u00e9<\/td>\n<\/tr>\n<tr>\n<th class=\"a-color-secondary a-size-base prodDetSectionEntry\">Type de RAM (carte graphique)<\/th>\n<td class=\"a-size-base prodDetAttrValue\">Cache L2<\/td>\n<\/tr>\n<tr>\n<th class=\"a-color-secondary a-size-base prodDetSectionEntry\">Type de connectivit\u00e9<\/th>\n<td class=\"a-size-base prodDetAttrValue\">Sans fil<\/td>\n<\/tr>\n<tr>\n<th class=\"a-color-secondary a-size-base prodDetSectionEntry\">Type de technologie sans fil<\/th>\n<td class=\"a-size-base prodDetAttrValue\">802.11b, 802.11a, 802.11g<\/td>\n<\/tr>\n<tr>\n<th class=\"a-color-secondary a-size-base prodDetSectionEntry\">Bluetooth<\/th>\n<td class=\"a-size-base prodDetAttrValue\">Oui<\/td>\n<\/tr>\n<tr>\n<th class=\"a-color-secondary a-size-base prodDetSectionEntry\">Interface mat\u00e9rielle informatique<\/th>\n<td class=\"a-size-base prodDetAttrValue\">MicroSD<\/td>\n<\/tr>\n<tr>\n<th class=\"a-color-secondary a-size-base prodDetSectionEntry\">Type de connecteur<\/th>\n<td class=\"a-size-base prodDetAttrValue\">Bluetooth, Wi-Fi<\/td>\n<\/tr>\n<tr>\n<th class=\"a-color-secondary a-size-base prodDetSectionEntry\">Dimensions de l&#8217;article L xlx H<\/th>\n<td class=\"a-size-base prodDetAttrValue\">14,9 x 24,5 x 0,7 cm<\/td>\n<\/tr>\n<tr>\n<th class=\"a-color-secondary a-size-base prodDetSectionEntry\">Poids du produit<\/th>\n<td class=\"a-size-base prodDetAttrValue\">470 grammes<\/td>\n<\/tr>\n<\/tbody>\n<\/table>\n<\/div>\n","protected":false},"excerpt":{"rendered":"<p>THINKDIAG 4 professionnels automobiles Scanner complets de syst\u00e8mes OBD2\u00a0pour Android &nbsp; Nouvelle version Thinkdiag Launch X431 Pro Diagnostic de voiture. Mises \u00e0 jour gratuites de deux ans (pas de verrouillage apr\u00e8s deux ans, continuez \u00e0 utiliser) Mises \u00e0 jour du serveur tiers (DIAGZONE). Version enti\u00e8rement activ\u00e9e avec toutes les fonctionnalit\u00e9s. Communique via les informations de [&hellip;]<\/p>\n","protected":false},"featured_media":2165,"comment_status":"open","ping_status":"closed","template":"","meta":{"_acf_changed":false,"inline_featured_image":false},"product_brand":[],"product_cat":[288],"product_tag":[],"class_list":{"0":"post-2200","1":"product","2":"type-product","3":"status-publish","4":"has-post-thumbnail","6":"product_cat-outils-de-diagnostic-auto","8":"first","9":"instock","10":"shipping-taxable","11":"product-type-variable"},"acf":[],"yoast_head":"<!-- This site is optimized with the Yoast SEO plugin v27.3 - https:\/\/yoast.com\/product\/yoast-seo-wordpress\/ -->\n<title>ECU-CARPROG.COM<\/title>\n<meta name=\"robots\" content=\"index, follow, max-snippet:-1, max-image-preview:large, max-video-preview:-1\" \/>\n<meta property=\"og:locale\" content=\"fr_FR\" \/>\n<meta property=\"og:type\" content=\"article\" \/>\n<meta property=\"og:site_name\" content=\"ECU-CARPROG.COM\" \/>\n<meta name=\"twitter:card\" content=\"summary_large_image\" \/>\n<script type=\"application\/ld+json\" class=\"yoast-schema-graph\">{\"@context\":\"https:\\\/\\\/schema.org\",\"@graph\":[{\"@type\":\"CollectionPage\",\"@id\":null,\"url\":\"\",\"name\":\"\",\"isPartOf\":{\"@id\":\"https:\\\/\\\/www.ecu-carprog.com\\\/#website\"},\"inLanguage\":\"fr-FR\"},{\"@type\":\"WebSite\",\"@id\":\"https:\\\/\\\/www.ecu-carprog.com\\\/#website\",\"url\":\"https:\\\/\\\/www.ecu-carprog.com\\\/\",\"name\":\"ECU-CARPROG.COM\",\"description\":\"\",\"publisher\":{\"@id\":\"https:\\\/\\\/www.ecu-carprog.com\\\/#organization\"},\"potentialAction\":[{\"@type\":\"SearchAction\",\"target\":{\"@type\":\"EntryPoint\",\"urlTemplate\":\"https:\\\/\\\/www.ecu-carprog.com\\\/?s={search_term_string}\"},\"query-input\":{\"@type\":\"PropertyValueSpecification\",\"valueRequired\":true,\"valueName\":\"search_term_string\"}}],\"inLanguage\":\"fr-FR\"},{\"@type\":\"Organization\",\"@id\":\"https:\\\/\\\/www.ecu-carprog.com\\\/#organization\",\"name\":\"ECU-CARPROG.COM\",\"url\":\"https:\\\/\\\/www.ecu-carprog.com\\\/\",\"logo\":{\"@type\":\"ImageObject\",\"inLanguage\":\"fr-FR\",\"@id\":\"https:\\\/\\\/www.ecu-carprog.com\\\/#\\\/schema\\\/logo\\\/image\\\/\",\"url\":\"https:\\\/\\\/www.ecu-carprog.com\\\/wp-content\\\/uploads\\\/2023\\\/01\\\/logo-ecucaprog.png\",\"contentUrl\":\"https:\\\/\\\/www.ecu-carprog.com\\\/wp-content\\\/uploads\\\/2023\\\/01\\\/logo-ecucaprog.png\",\"width\":414,\"height\":76,\"caption\":\"ECU-CARPROG.COM\"},\"image\":{\"@id\":\"https:\\\/\\\/www.ecu-carprog.com\\\/#\\\/schema\\\/logo\\\/image\\\/\"},\"sameAs\":[\"https:\\\/\\\/www.facebook.com\\\/diagnostic.auto.tunisie\"]}]}<\/script>\n<!-- \/ Yoast SEO plugin. -->","yoast_head_json":{"title":"ECU-CARPROG.COM","robots":{"index":"index","follow":"follow","max-snippet":"max-snippet:-1","max-image-preview":"max-image-preview:large","max-video-preview":"max-video-preview:-1"},"og_locale":"fr_FR","og_type":"article","og_site_name":"ECU-CARPROG.COM","twitter_card":"summary_large_image","schema":{"@context":"https:\/\/schema.org","@graph":[{"@type":"CollectionPage","@id":null,"url":"","name":"","isPartOf":{"@id":"https:\/\/www.ecu-carprog.com\/#website"},"inLanguage":"fr-FR"},{"@type":"WebSite","@id":"https:\/\/www.ecu-carprog.com\/#website","url":"https:\/\/www.ecu-carprog.com\/","name":"ECU-CARPROG.COM","description":"","publisher":{"@id":"https:\/\/www.ecu-carprog.com\/#organization"},"potentialAction":[{"@type":"SearchAction","target":{"@type":"EntryPoint","urlTemplate":"https:\/\/www.ecu-carprog.com\/?s={search_term_string}"},"query-input":{"@type":"PropertyValueSpecification","valueRequired":true,"valueName":"search_term_string"}}],"inLanguage":"fr-FR"},{"@type":"Organization","@id":"https:\/\/www.ecu-carprog.com\/#organization","name":"ECU-CARPROG.COM","url":"https:\/\/www.ecu-carprog.com\/","logo":{"@type":"ImageObject","inLanguage":"fr-FR","@id":"https:\/\/www.ecu-carprog.com\/#\/schema\/logo\/image\/","url":"https:\/\/cdn.ecu-carprog.com\/wp-content\/uploads\/2023\/01\/logo-ecucaprog.png","contentUrl":"https:\/\/cdn.ecu-carprog.com\/wp-content\/uploads\/2023\/01\/logo-ecucaprog.png","width":414,"height":76,"caption":"ECU-CARPROG.COM"},"image":{"@id":"https:\/\/www.ecu-carprog.com\/#\/schema\/logo\/image\/"},"sameAs":["https:\/\/www.facebook.com\/diagnostic.auto.tunisie"]}]}},"_links":{"self":[{"href":"https:\/\/www.ecu-carprog.com\/fr\/wp-json\/wp\/v2\/product\/2200","targetHints":{"allow":["GET"]}}],"collection":[{"href":"https:\/\/www.ecu-carprog.com\/fr\/wp-json\/wp\/v2\/product"}],"about":[{"href":"https:\/\/www.ecu-carprog.com\/fr\/wp-json\/wp\/v2\/types\/product"}],"replies":[{"embeddable":true,"href":"https:\/\/www.ecu-carprog.com\/fr\/wp-json\/wp\/v2\/comments?post=2200"}],"wp:featuredmedia":[{"embeddable":true,"href":"https:\/\/www.ecu-carprog.com\/fr\/wp-json\/wp\/v2\/media\/2165"}],"wp:attachment":[{"href":"https:\/\/www.ecu-carprog.com\/fr\/wp-json\/wp\/v2\/media?parent=2200"}],"wp:term":[{"taxonomy":"product_brand","embeddable":true,"href":"https:\/\/www.ecu-carprog.com\/fr\/wp-json\/wp\/v2\/product_brand?post=2200"},{"taxonomy":"product_cat","embeddable":true,"href":"https:\/\/www.ecu-carprog.com\/fr\/wp-json\/wp\/v2\/product_cat?post=2200"},{"taxonomy":"product_tag","embeddable":true,"href":"https:\/\/www.ecu-carprog.com\/fr\/wp-json\/wp\/v2\/product_tag?post=2200"}],"curies":[{"name":"wp","href":"https:\/\/api.w.org\/{rel}","templated":true}]}}