{"id":2242,"date":"2021-02-15T22:09:43","date_gmt":"2021-03-02T22:35:29","guid":{"rendered":"https:\/\/www.ecu-carpro.com\/?post_type=product&#038;p=2242"},"modified":"2024-07-05T23:55:51","modified_gmt":"2024-07-05T21:55:51","slug":"autocom-cdp-version-2017","status":"publish","type":"product","link":"https:\/\/www.ecu-carprog.com\/fr\/produit\/autocom-cdp-version-2017\/","title":{"rendered":"Autocom CDP+ Version 2017"},"content":{"rendered":"<p>OFFRE SP\u00c9CIALE avec 18 mois de garantie<\/p>\n<p>Autocom CDP + Qualit\u00e9 A + Multi-marques Avec la nouvelle version 2017.03. Utilisation de la technologie sans fil Bluetooth\u00ae.<\/p>\n<p>Avec Hasynes-Pro 2017 (Tr\u00e8s grande base de donn\u00e9es) instructions de proc\u00e9dure de remplacement: courroies de distribution, embrayage, t\u00eate moteur, alignements des roues, d\u00e9pose des airbags, programmation des cl\u00e9s, etc.<\/p>\n<p>&nbsp;<\/p>\n<p>Le plus r\u00e9cent logiciel R3 2017 avec activation de voitures et de camions;<\/p>\n<p>Une carte PCB verte de qualit\u00e9;<\/p>\n<p>Garantie de qualit\u00e9 de 18 mois, support technique puissant;<\/p>\n<p>Langues de traduction compl\u00e8te:<\/p>\n<p>Anglais, Cesky, Dansk, Deutsch, Espanol, Francais, Grec, Pays-Bas, Hongrois, Italia, Norsk, Polonais, Roumanie, Russe, Srpski, Suomen kieli, Svenska, Turc.<\/p>\n<p>C&#8217;est un outil de diagnostic rapide et fiable servant de lien entre le v\u00e9hicule et l&#8217;ordinateur. Cela fonctionne sur les v\u00e9hicules anciens et nouveaux.<\/p>\n<p>Avec CARS, vous pouvez effectuer des diagnostics sp\u00e9cifiques \u00e0 la marque pour les voitures et les fourgonnettes \u00e0 partir de 1988. Un total de 47 marques diff\u00e9rentes. Avec le progiciel TRUCKS, vous \u00eates en mesure d&#8217;effectuer des diagnostics sp\u00e9cifiques \u00e0 la marque pour les v\u00e9hicules utilitaires l\u00e9gers et lourds, les bus et les remorques \u00e0 partir de 1995.<\/p>\n<p>Un total de 37 marques diff\u00e9rentes. Le programme de diagnostic GENERIC est con\u00e7u pour le diagnostic bas\u00e9 sur la l\u00e9gislation, sp\u00e9cialement cibl\u00e9 pour les codes d&#8217;erreur li\u00e9s aux \u00e9missions. GENERIC est inclus dans les packages CARS et TRUCKS.<\/p>\n<p>Fonction multiplexeur, 2xHS CAN (ISO 11898-2), SW CAN (SAE J2411), K \/ L (ISO 9141-2), VPW (J1850), PWM (J1850), RS485 (J1708), TTL et (SPI, analogique in, 5volt out).<\/p>\n<p>En s\u00e9rie, nous faisons ce qui suit:<\/p>\n<p>1) lire et effacer les codes d&#8217;erreur;<\/p>\n<p>2) Lire les donn\u00e9es en direct;<\/p>\n<p>3) Param\u00e8tres de base;<\/p>\n<p>4) fonction de num\u00e9risation;<\/p>\n<p>5) Enti\u00e8rement conforme \u00e0 la norme eOBD \/ OBDII;<\/p>\n<p>Il peut faire le suivant:<\/p>\n<p>Fabrication de diagnostics en s\u00e9rie sp\u00e9cifiques;<br \/>\nFonction de num\u00e9risation;<br \/>\nCommunication EOBD \/ OBDII;<br \/>\nSyst\u00e8mes s\u00e9rie;<br \/>\nMoteur ;<br \/>\nAllumage;<br \/>\nABDOS ;<br \/>\nR\u00e9initialisation du service;<br \/>\nSRS;<br \/>\nImmobilisateur;<br \/>\nInstrument;<br \/>\nSyst\u00e8me de confort;<br \/>\nBo\u00eete de vitesses et autres \u2026\u2026\u2026<\/p>\n<p>Caract\u00e9ristiques de l&#8217;article:<\/p>\n<p>ENREGISTREUR DE VOL<\/p>\n<p>Avec la fonction enregistreur de vol, vous pouvez enregistrer les param\u00e8tres en temps r\u00e9el pendant que vous conduisez un v\u00e9hicule. Pendant l&#8217;enregistrement, vous pouvez, en appuyant sur un bouton, mettre en \u00e9vidence l&#8217;erreur sp\u00e9cifique afin de pouvoir enqu\u00eater sur l&#8217;erreur d\u00e9tect\u00e9e ult\u00e9rieurement. CDP + est \u00e9quip\u00e9 d&#8217;une m\u00e9moire int\u00e9gr\u00e9e \u00e9liminant ainsi le besoin d&#8217;apporter un ordinateur. Le chariot de m\u00e9moire n&#8217;est pas inclus dans le paquet.<\/p>\n<p>&nbsp;<\/p>\n<p>V\u00c9RIFICATION DE LA TENSION<\/p>\n<p>Lorsque le CDP + est connect\u00e9 au v\u00e9hicule, l&#8217;unit\u00e9 v\u00e9rifie la tension de la batterie du v\u00e9hicule et s&#8217;ajuste automatiquement au niveau de tension du v\u00e9hicule de 12 ou 24 volts. Si la tension devient trop \u00e9lev\u00e9e ou trop basse, CDP + vous avertira \u00e0 la fois avec du son et de la lumi\u00e8re et vous serez \u00e9galement alert\u00e9 via l&#8217;ic\u00f4ne de la batterie dans notre logiciel de diagnostic.<\/p>\n<p>&nbsp;<\/p>\n<p>NUM\u00c9RO DE CH\u00c2SSIS VIN<\/p>\n<p>Dans notre logiciel CARS, nous avons une fonction intelligente qui vous permet de lire le num\u00e9ro de ch\u00e2ssis du v\u00e9hicule que vous souhaitez diagnostiquer. Cela garantit que le bon mod\u00e8le et l&#8217;ann\u00e9e sont s\u00e9lectionn\u00e9s automatiquement. En outre, le code moteur des v\u00e9hicules, qui sont couramment disponibles sur les march\u00e9s, est \u00e9galement s\u00e9lectionn\u00e9 automatiquement.<\/p>\n<p>ISS<\/p>\n<p>Intelligent System Scan (ISS) scanne tous les syst\u00e8mes du v\u00e9hicule et affiche les codes d&#8217;erreur stock\u00e9s dans chaque syst\u00e8me. Cela vous fait gagner du temps et vous obtenez un aper\u00e7u rapide de l&#8217;\u00e9tat r\u00e9el de l&#8217;ensemble du v\u00e9hicule. Lorsque l&#8217;ISS est termin\u00e9, vous pouvez alors s\u00e9lectionner un syst\u00e8me de contr\u00f4le sp\u00e9cifique pour analyser les r\u00e9sultats plus loin.<\/p>\n<p>ISI<\/p>\n<p>L&#8217;identification intelligente du syst\u00e8me (ISI) identifie et s\u00e9lectionne automatiquement le type de contr\u00f4leur mont\u00e9 dans le v\u00e9hicule. Cela garantit que la session de diagnostic est ex\u00e9cut\u00e9e correctement avec les param\u00e8tres corrects selon les besoins.<\/p>\n<p>Fonction de l&#8217;article:<\/p>\n<p>FONCTION DE RAPPORT<\/p>\n<p>Sous cet onglet de fonction, vous pourrez voir les adaptations et ajustements possibles pour un v\u00e9hicule sp\u00e9cifique sans avoir le v\u00e9hicule pr\u00e8s de chez vous. Avec les textes d&#8217;aide comme guide, vous pouvez planifier et \u00eatre efficace dans votre travail; m\u00eame dans des situations complexes.<\/p>\n<p>FONCTIONS OBD<\/p>\n<p>CDP + est \u00e9quip\u00e9 d&#8217;une technologie de multiplexage unique, qui lui permet d&#8217;\u00eatre utilis\u00e9 sur tous les types de v\u00e9hicules, quels que soient les niveaux de tension et les normes de communication. Pour les v\u00e9hicules qui n&#8217;utilisent pas le connecteur standard \u00e0 16 broches, nous proposons un ensemble complet de c\u00e2bles et kits adaptateurs certifi\u00e9s et personnalis\u00e9s.<\/p>\n<p>&nbsp;<\/p>\n<p>UNIVERSEL<\/p>\n<p>Pour la plupart des fonctions OBD, telles que les r\u00e9glages et la programmation, il existe des instructions d\u00e9taill\u00e9es et des textes d&#8217;aide pour vous aider dans votre travail de diagnostic. Vous trouverez des informations \u00e9tape par \u00e9tape sur les pr\u00e9requis, la pr\u00e9paration et la mise en \u0153uvre de diverses fonctions; rendant m\u00eame la fonction la plus complexe simple \u00e0 ex\u00e9cuter<\/p>\n<p>&nbsp;<\/p>\n<p>FONCTION D&#8217;AIDE<\/p>\n<p>Pour la plupart des fonctions OBD, telles que les r\u00e9glages et la programmation, il existe des instructions d\u00e9taill\u00e9es et des textes d&#8217;aide pour vous aider dans votre travail de diagnostic. Vous trouverez des informations \u00e9tape par \u00e9tape sur les pr\u00e9requis, la pr\u00e9paration et la mise en \u0153uvre de diverses fonctions; rendant m\u00eame la fonction la plus complexe simple \u00e0 ex\u00e9cuter.<\/p>\n<p>V\u00e9hicules pris en charge<\/p>\n<p>Mod\u00e8le de voiture pris en charge:<\/p>\n<p>Alfa Romeo, Audi, BMW, Cadillac, Chevrolet, Chrysler, Citroen, Dacia, Daewoo, Dodge, Ferrari, Fiat, Ford, Honda, Hyundai, Isuzu, Iveco, Jaguar, Jeep, Kia, Lamborghini, Lancia, Land Rover, Lexus, Lotus, Mahundra, Renault, Maserati, Mazda, Mercedes, MG, Mini, Mitsubishi, Nissan, Opel \/ Vaux-hall, Peugeot, Porsche, Renault, Rolls-Royce, Rover, Saab, Samsung, Seat, Skoda, Smart, Ssang Yong , Subaru, Suzuki, Toyota, VW etc\u2026<\/p>\n<p>&nbsp;<\/p>\n<p>Mod\u00e8le de camion pris en charge: Allison, Chevrolet, Citroen, Dacia, DAF, Fiat, Ford, Hyundai, Isuzu, Iveco, Iveco Trucks, Kia, Man, Man bus chassis, Mazda, Mercedes, Mitsubishi, Nissan, Opel \/ Vauxhall, Peugeot, Renault , Renault Trucks, Scania, Scania Bus Chassis, Seat, Skoda, Toyota, Trailers, Volkswagen, Volvo Bus Chassis, Volov trucks etc\u2026<\/p>\n<p>&nbsp;<\/p>\n<p>Liste des paquets:<\/p>\n<p>1 unit\u00e9 principale (version Bluetooth)<\/p>\n<p>1 c\u00e2ble OBDII avec lumi\u00e8re LED<\/p>\n<p>1 c\u00e2ble USB<\/p>\n<p>1 CD (logiciel R3 2017)<\/p>\n","protected":false},"excerpt":{"rendered":"<p>OFFRE SP\u00c9CIALE avec 18 mois de garantie Autocom CDP + Qualit\u00e9 A + Multi-marques Avec la nouvelle version 2017.03. Utilisation de la technologie sans fil Bluetooth\u00ae. Avec Hasynes-Pro 2017 (Tr\u00e8s grande base de donn\u00e9es) instructions de proc\u00e9dure de remplacement: courroies de distribution, embrayage, t\u00eate moteur, alignements des roues, d\u00e9pose des airbags, programmation des cl\u00e9s, etc. [&hellip;]<\/p>\n","protected":false},"featured_media":1569,"comment_status":"open","ping_status":"closed","template":"","meta":{"_acf_changed":false,"inline_featured_image":false},"product_brand":[],"product_cat":[288],"product_tag":[],"class_list":{"0":"post-2242","1":"product","2":"type-product","3":"status-publish","4":"has-post-thumbnail","6":"product_cat-outils-de-diagnostic-auto","8":"first","9":"instock","10":"shipping-taxable","11":"purchasable","12":"product-type-simple"},"acf":[],"yoast_head":"<!-- This site is optimized with the Yoast SEO plugin v27.3 - https:\/\/yoast.com\/product\/yoast-seo-wordpress\/ -->\n<title>ECU-CARPROG.COM<\/title>\n<meta name=\"robots\" content=\"index, follow, max-snippet:-1, max-image-preview:large, max-video-preview:-1\" \/>\n<meta property=\"og:locale\" content=\"fr_FR\" \/>\n<meta property=\"og:type\" content=\"article\" \/>\n<meta property=\"og:site_name\" content=\"ECU-CARPROG.COM\" \/>\n<meta name=\"twitter:card\" content=\"summary_large_image\" \/>\n<script type=\"application\/ld+json\" class=\"yoast-schema-graph\">{\"@context\":\"https:\\\/\\\/schema.org\",\"@graph\":[{\"@type\":\"CollectionPage\",\"@id\":null,\"url\":\"\",\"name\":\"\",\"isPartOf\":{\"@id\":\"https:\\\/\\\/www.ecu-carprog.com\\\/#website\"},\"inLanguage\":\"fr-FR\"},{\"@type\":\"WebSite\",\"@id\":\"https:\\\/\\\/www.ecu-carprog.com\\\/#website\",\"url\":\"https:\\\/\\\/www.ecu-carprog.com\\\/\",\"name\":\"ECU-CARPROG.COM\",\"description\":\"\",\"publisher\":{\"@id\":\"https:\\\/\\\/www.ecu-carprog.com\\\/#organization\"},\"potentialAction\":[{\"@type\":\"SearchAction\",\"target\":{\"@type\":\"EntryPoint\",\"urlTemplate\":\"https:\\\/\\\/www.ecu-carprog.com\\\/?s={search_term_string}\"},\"query-input\":{\"@type\":\"PropertyValueSpecification\",\"valueRequired\":true,\"valueName\":\"search_term_string\"}}],\"inLanguage\":\"fr-FR\"},{\"@type\":\"Organization\",\"@id\":\"https:\\\/\\\/www.ecu-carprog.com\\\/#organization\",\"name\":\"ECU-CARPROG.COM\",\"url\":\"https:\\\/\\\/www.ecu-carprog.com\\\/\",\"logo\":{\"@type\":\"ImageObject\",\"inLanguage\":\"fr-FR\",\"@id\":\"https:\\\/\\\/www.ecu-carprog.com\\\/#\\\/schema\\\/logo\\\/image\\\/\",\"url\":\"https:\\\/\\\/www.ecu-carprog.com\\\/wp-content\\\/uploads\\\/2023\\\/01\\\/logo-ecucaprog.png\",\"contentUrl\":\"https:\\\/\\\/www.ecu-carprog.com\\\/wp-content\\\/uploads\\\/2023\\\/01\\\/logo-ecucaprog.png\",\"width\":414,\"height\":76,\"caption\":\"ECU-CARPROG.COM\"},\"image\":{\"@id\":\"https:\\\/\\\/www.ecu-carprog.com\\\/#\\\/schema\\\/logo\\\/image\\\/\"},\"sameAs\":[\"https:\\\/\\\/www.facebook.com\\\/diagnostic.auto.tunisie\"]}]}<\/script>\n<!-- \/ Yoast SEO plugin. -->","yoast_head_json":{"title":"ECU-CARPROG.COM","robots":{"index":"index","follow":"follow","max-snippet":"max-snippet:-1","max-image-preview":"max-image-preview:large","max-video-preview":"max-video-preview:-1"},"og_locale":"fr_FR","og_type":"article","og_site_name":"ECU-CARPROG.COM","twitter_card":"summary_large_image","schema":{"@context":"https:\/\/schema.org","@graph":[{"@type":"CollectionPage","@id":null,"url":"","name":"","isPartOf":{"@id":"https:\/\/www.ecu-carprog.com\/#website"},"inLanguage":"fr-FR"},{"@type":"WebSite","@id":"https:\/\/www.ecu-carprog.com\/#website","url":"https:\/\/www.ecu-carprog.com\/","name":"ECU-CARPROG.COM","description":"","publisher":{"@id":"https:\/\/www.ecu-carprog.com\/#organization"},"potentialAction":[{"@type":"SearchAction","target":{"@type":"EntryPoint","urlTemplate":"https:\/\/www.ecu-carprog.com\/?s={search_term_string}"},"query-input":{"@type":"PropertyValueSpecification","valueRequired":true,"valueName":"search_term_string"}}],"inLanguage":"fr-FR"},{"@type":"Organization","@id":"https:\/\/www.ecu-carprog.com\/#organization","name":"ECU-CARPROG.COM","url":"https:\/\/www.ecu-carprog.com\/","logo":{"@type":"ImageObject","inLanguage":"fr-FR","@id":"https:\/\/www.ecu-carprog.com\/#\/schema\/logo\/image\/","url":"https:\/\/cdn.ecu-carprog.com\/wp-content\/uploads\/2023\/01\/logo-ecucaprog.png","contentUrl":"https:\/\/cdn.ecu-carprog.com\/wp-content\/uploads\/2023\/01\/logo-ecucaprog.png","width":414,"height":76,"caption":"ECU-CARPROG.COM"},"image":{"@id":"https:\/\/www.ecu-carprog.com\/#\/schema\/logo\/image\/"},"sameAs":["https:\/\/www.facebook.com\/diagnostic.auto.tunisie"]}]}},"_links":{"self":[{"href":"https:\/\/www.ecu-carprog.com\/fr\/wp-json\/wp\/v2\/product\/2242","targetHints":{"allow":["GET"]}}],"collection":[{"href":"https:\/\/www.ecu-carprog.com\/fr\/wp-json\/wp\/v2\/product"}],"about":[{"href":"https:\/\/www.ecu-carprog.com\/fr\/wp-json\/wp\/v2\/types\/product"}],"replies":[{"embeddable":true,"href":"https:\/\/www.ecu-carprog.com\/fr\/wp-json\/wp\/v2\/comments?post=2242"}],"wp:featuredmedia":[{"embeddable":true,"href":"https:\/\/www.ecu-carprog.com\/fr\/wp-json\/wp\/v2\/media\/1569"}],"wp:attachment":[{"href":"https:\/\/www.ecu-carprog.com\/fr\/wp-json\/wp\/v2\/media?parent=2242"}],"wp:term":[{"taxonomy":"product_brand","embeddable":true,"href":"https:\/\/www.ecu-carprog.com\/fr\/wp-json\/wp\/v2\/product_brand?post=2242"},{"taxonomy":"product_cat","embeddable":true,"href":"https:\/\/www.ecu-carprog.com\/fr\/wp-json\/wp\/v2\/product_cat?post=2242"},{"taxonomy":"product_tag","embeddable":true,"href":"https:\/\/www.ecu-carprog.com\/fr\/wp-json\/wp\/v2\/product_tag?post=2242"}],"curies":[{"name":"wp","href":"https:\/\/api.w.org\/{rel}","templated":true}]}}