{"id":2710,"date":"2022-03-01T20:07:56","date_gmt":"2022-03-01T19:07:57","guid":{"rendered":"https:\/\/www.ecu-carpro.com\/?post_type=product&#038;p=2710"},"modified":"2022-09-14T22:08:22","modified_gmt":"2022-09-14T20:08:22","slug":"launch-thinkdiag-4-0-avec-2-ans-de-mise-a-jour-en-ligne-diagzone-app-copy","status":"publish","type":"product","link":"https:\/\/www.ecu-carprog.com\/fr\/produit\/launch-thinkdiag-4-0-avec-2-ans-de-mise-a-jour-en-ligne-diagzone-app-copy\/","title":{"rendered":"RenoLink \u2013 SX USB Interface + Software V200 Pour Renault Et Dacia"},"content":{"rendered":"<h2><span style=\"font-size: 16px;\">Ce pack de diagnostic OBDLink SX USB avec logiciel RenoLink est la valise de diagnostic la plus puissante pour les v\u00e9hicules Renault et Dacia.<\/span><\/h2>\n<div>\n<p>&nbsp;<\/p>\n<p>Il vous permet d&#8217;effectuer le diagnostic tous syst\u00e8mes ainsi que des programmations et codages puissants sur les v\u00e9hicules Renault et Dacia.<\/p>\n<h3>Fonctions du produit<\/h3>\n<p>1. RenoLink vous permet de r\u00e9aliser les op\u00e9rations suivantes sur Renault et Dacia :<\/p>\n<p>\u2022 Lecture des codes d\u00e9fauts tous syst\u00e8mes (moteur, transmission, ABS, AirBag, \u00e9lectronique, &#8230;)<\/p>\n<p>\u2022 Suppression des codes d\u00e9fauts<\/p>\n<p>\u2022 Extinction des voyants au tableau de bord du v\u00e9hicule<\/p>\n<p>\u2022 Remise \u00e0 z\u00e9ro des entretiens \/ vidanges<\/p>\n<p>\u2022 Lecture en temps r\u00e9el des param\u00e8tres du v\u00e9hicule (temp\u00e9ratures, pressions, sondes, &#8230;)<\/p>\n<p>\u2022 Lecture du code PIN ou ISK<\/p>\n<p>\u2022 Remise \u00e0 z\u00e9ro du calculateur de direction assist\u00e9e<\/p>\n<p>\u2022 Programmation \/ codage d&#8217;injecteurs<\/p>\n<p>\u2022 Programmation \/ codage de cl\u00e9s<\/p>\n<p>\u2022 Remise \u00e0 z\u00e9ro du calculateur airbag<\/p>\n<p>\u2022 Flash calculateur<\/p>\n<p>\u2022 Et bien d&#8217;autres possibilit\u00e9s<\/p>\n<p>&nbsp;<\/p>\n<p>2. En plus, ce pack de diagnostic vous permet d&#8217;effectuer le diagnostic moteur sur toutes les marques de v\u00e9hicule. (Audi, BMW, Peugeot, Citro\u00ebn, Renault, Volkswagen, Ford, Nissan, Toyota, Kia, Chevrolet, Seat, Volvo, Land Rover, &#8230;)<\/p>\n<p>Vous pourrez ainsi effectuer les op\u00e9rations suivantes :<\/p>\n<p>\u2022 Lecture des d\u00e9fauts moteurs<\/p>\n<p>\u2022 Effacement des codes d\u00e9fauts moteurs<\/p>\n<p>\u2022 Suppression du voyant moteur au tableau de bord<\/p>\n<p>\u2022 Lecture en temps r\u00e9el des param\u00e8tres du v\u00e9hicule (temp\u00e9ratures, sondes, capteurs, pressions, &#8230;)<\/p>\n<p>&nbsp;<\/p>\n<h3>Important : seul le diagnostic du calculateur moteur est possible en multi-marques.<\/h3>\n<h2>Compatibilit\u00e9 V\u00e9hicules<\/h2>\n<p>Pour le diagnostic standard multi-marques, OBDLink SX USB est compatible avec les v\u00e9hicules suivants :<\/p>\n<p>\u2022 Tous les v\u00e9hicules ESSENCE \u00e0 partir de 2001-2002<\/p>\n<p>\u2022 Tous les v\u00e9hicules DIESEL \u00e0 partir de 2004-2005<\/p>\n<p>\u2022 Tous les v\u00e9hicules UTILITAIRES et GPL \u00e0 partir de 2007<\/p>\n<p>Compatibilit\u00e9 Windows<\/p>\n<p>OBDLink SX USB et RenoLink sont compatibles avec toutes les version de Windows en 32 ou 64 bits.<\/p>\n<p>Non compatible sur Mac OS.<\/p>\n<h3>Contenu du Pack<\/h3>\n<p>\u2022 Interface de diagnostic OBDLink SX USB<\/p>\n<p>\u2022 Logiciel RenoLink en Fran\u00e7ais en version 1.96 avec licence personnelle<\/p>\n<p>\u2022 Logiciel de diagnostic multi-marques en Fran\u00e7ais<\/p>\n<p>\u2022 Tutoriel vid\u00e9o d&#8217;installation<\/p>\n<p>&nbsp;<\/p>\n<\/div>\n","protected":false},"excerpt":{"rendered":"<p>Ce pack de diagnostic OBDLink SX USB avec logiciel RenoLink est la valise de diagnostic la plus puissante pour les v\u00e9hicules Renault et Dacia. &nbsp; Il vous permet d&#8217;effectuer le diagnostic tous syst\u00e8mes ainsi que des programmations et codages puissants sur les v\u00e9hicules Renault et Dacia. Fonctions du produit 1. RenoLink vous permet de r\u00e9aliser [&hellip;]<\/p>\n","protected":false},"featured_media":2714,"comment_status":"open","ping_status":"closed","template":"","meta":{"_acf_changed":false,"inline_featured_image":false},"product_brand":[],"product_cat":[300],"product_tag":[],"class_list":{"0":"post-2710","1":"product","2":"type-product","3":"status-publish","4":"has-post-thumbnail","6":"product_cat-programmeur-ecu-de-voiture-fr","8":"first","9":"instock","10":"shipping-taxable","11":"purchasable","12":"product-type-simple"},"acf":[],"yoast_head":"<!-- This site is optimized with the Yoast SEO plugin v27.3 - https:\/\/yoast.com\/product\/yoast-seo-wordpress\/ -->\n<title>ECU-CARPROG.COM<\/title>\n<meta name=\"robots\" content=\"index, follow, max-snippet:-1, max-image-preview:large, max-video-preview:-1\" \/>\n<meta property=\"og:locale\" content=\"fr_FR\" \/>\n<meta property=\"og:type\" content=\"article\" \/>\n<meta property=\"og:site_name\" content=\"ECU-CARPROG.COM\" \/>\n<meta name=\"twitter:card\" content=\"summary_large_image\" \/>\n<script type=\"application\/ld+json\" class=\"yoast-schema-graph\">{\"@context\":\"https:\\\/\\\/schema.org\",\"@graph\":[{\"@type\":\"CollectionPage\",\"@id\":null,\"url\":\"\",\"name\":\"\",\"isPartOf\":{\"@id\":\"https:\\\/\\\/www.ecu-carprog.com\\\/#website\"},\"inLanguage\":\"fr-FR\"},{\"@type\":\"WebSite\",\"@id\":\"https:\\\/\\\/www.ecu-carprog.com\\\/#website\",\"url\":\"https:\\\/\\\/www.ecu-carprog.com\\\/\",\"name\":\"ECU-CARPROG.COM\",\"description\":\"\",\"publisher\":{\"@id\":\"https:\\\/\\\/www.ecu-carprog.com\\\/#organization\"},\"potentialAction\":[{\"@type\":\"SearchAction\",\"target\":{\"@type\":\"EntryPoint\",\"urlTemplate\":\"https:\\\/\\\/www.ecu-carprog.com\\\/?s={search_term_string}\"},\"query-input\":{\"@type\":\"PropertyValueSpecification\",\"valueRequired\":true,\"valueName\":\"search_term_string\"}}],\"inLanguage\":\"fr-FR\"},{\"@type\":\"Organization\",\"@id\":\"https:\\\/\\\/www.ecu-carprog.com\\\/#organization\",\"name\":\"ECU-CARPROG.COM\",\"url\":\"https:\\\/\\\/www.ecu-carprog.com\\\/\",\"logo\":{\"@type\":\"ImageObject\",\"inLanguage\":\"fr-FR\",\"@id\":\"https:\\\/\\\/www.ecu-carprog.com\\\/#\\\/schema\\\/logo\\\/image\\\/\",\"url\":\"https:\\\/\\\/www.ecu-carprog.com\\\/wp-content\\\/uploads\\\/2023\\\/01\\\/logo-ecucaprog.png\",\"contentUrl\":\"https:\\\/\\\/www.ecu-carprog.com\\\/wp-content\\\/uploads\\\/2023\\\/01\\\/logo-ecucaprog.png\",\"width\":414,\"height\":76,\"caption\":\"ECU-CARPROG.COM\"},\"image\":{\"@id\":\"https:\\\/\\\/www.ecu-carprog.com\\\/#\\\/schema\\\/logo\\\/image\\\/\"},\"sameAs\":[\"https:\\\/\\\/www.facebook.com\\\/diagnostic.auto.tunisie\"]}]}<\/script>\n<!-- \/ Yoast SEO plugin. -->","yoast_head_json":{"title":"ECU-CARPROG.COM","robots":{"index":"index","follow":"follow","max-snippet":"max-snippet:-1","max-image-preview":"max-image-preview:large","max-video-preview":"max-video-preview:-1"},"og_locale":"fr_FR","og_type":"article","og_site_name":"ECU-CARPROG.COM","twitter_card":"summary_large_image","schema":{"@context":"https:\/\/schema.org","@graph":[{"@type":"CollectionPage","@id":null,"url":"","name":"","isPartOf":{"@id":"https:\/\/www.ecu-carprog.com\/#website"},"inLanguage":"fr-FR"},{"@type":"WebSite","@id":"https:\/\/www.ecu-carprog.com\/#website","url":"https:\/\/www.ecu-carprog.com\/","name":"ECU-CARPROG.COM","description":"","publisher":{"@id":"https:\/\/www.ecu-carprog.com\/#organization"},"potentialAction":[{"@type":"SearchAction","target":{"@type":"EntryPoint","urlTemplate":"https:\/\/www.ecu-carprog.com\/?s={search_term_string}"},"query-input":{"@type":"PropertyValueSpecification","valueRequired":true,"valueName":"search_term_string"}}],"inLanguage":"fr-FR"},{"@type":"Organization","@id":"https:\/\/www.ecu-carprog.com\/#organization","name":"ECU-CARPROG.COM","url":"https:\/\/www.ecu-carprog.com\/","logo":{"@type":"ImageObject","inLanguage":"fr-FR","@id":"https:\/\/www.ecu-carprog.com\/#\/schema\/logo\/image\/","url":"https:\/\/cdn.ecu-carprog.com\/wp-content\/uploads\/2023\/01\/logo-ecucaprog.png","contentUrl":"https:\/\/cdn.ecu-carprog.com\/wp-content\/uploads\/2023\/01\/logo-ecucaprog.png","width":414,"height":76,"caption":"ECU-CARPROG.COM"},"image":{"@id":"https:\/\/www.ecu-carprog.com\/#\/schema\/logo\/image\/"},"sameAs":["https:\/\/www.facebook.com\/diagnostic.auto.tunisie"]}]}},"_links":{"self":[{"href":"https:\/\/www.ecu-carprog.com\/fr\/wp-json\/wp\/v2\/product\/2710","targetHints":{"allow":["GET"]}}],"collection":[{"href":"https:\/\/www.ecu-carprog.com\/fr\/wp-json\/wp\/v2\/product"}],"about":[{"href":"https:\/\/www.ecu-carprog.com\/fr\/wp-json\/wp\/v2\/types\/product"}],"replies":[{"embeddable":true,"href":"https:\/\/www.ecu-carprog.com\/fr\/wp-json\/wp\/v2\/comments?post=2710"}],"wp:featuredmedia":[{"embeddable":true,"href":"https:\/\/www.ecu-carprog.com\/fr\/wp-json\/wp\/v2\/media\/2714"}],"wp:attachment":[{"href":"https:\/\/www.ecu-carprog.com\/fr\/wp-json\/wp\/v2\/media?parent=2710"}],"wp:term":[{"taxonomy":"product_brand","embeddable":true,"href":"https:\/\/www.ecu-carprog.com\/fr\/wp-json\/wp\/v2\/product_brand?post=2710"},{"taxonomy":"product_cat","embeddable":true,"href":"https:\/\/www.ecu-carprog.com\/fr\/wp-json\/wp\/v2\/product_cat?post=2710"},{"taxonomy":"product_tag","embeddable":true,"href":"https:\/\/www.ecu-carprog.com\/fr\/wp-json\/wp\/v2\/product_tag?post=2710"}],"curies":[{"name":"wp","href":"https:\/\/api.w.org\/{rel}","templated":true}]}}