{"id":2726,"date":"2022-03-01T23:45:37","date_gmt":"2022-03-01T22:45:38","guid":{"rendered":"https:\/\/www.ecu-carpro.com\/?post_type=product&#038;p=2726"},"modified":"2022-03-02T09:40:37","modified_gmt":"2022-03-02T08:40:37","slug":"scania-sdp3-vci-3-scanner-wifi-meilleure-qualite","status":"publish","type":"product","link":"https:\/\/www.ecu-carprog.com\/fr\/produit\/scania-sdp3-vci-3-scanner-wifi-meilleure-qualite\/","title":{"rendered":"Scania SDP3 VCI 3  Scanner WIFI meilleure qualit\u00e9"},"content":{"rendered":"<h4><strong>Scania VCI3 est livr\u00e9 avec la derni\u00e8re version de SDP3<br \/>\nScania VCI3 est un tout nouvel outil con\u00e7u par Scania pour assurer la maintenance compl\u00e8te de tous les camions, bus et autres v\u00e9hicules lourds ou moteurs lourds fabriqu\u00e9s par Scania.<br \/>\nVCI3 est le successeur de l&#8217;outil de diagnostic bien connu Scania VCI2.<br \/>\nOutil de diagnostic de camions scanner SDP3\u00a0 VCI-3 pour Scania<\/strong><\/h4>\n<h4><\/h4>\n<h4><strong>Les 7 principales raisons de choisir l&#8217;outil de diagnostic de scanner sans fil VCI-3 VCI3 pour Scania<\/strong><\/h4>\n<h4><strong>1. SPD3 est livr\u00e9 avec la derni\u00e8re version du logiciel<br \/>\n2. Prise en charge du Wi-Fi<br \/>\n3. VCI3 est puissant que l&#8217;outil de diagnostic Scania VCI2<br \/>\n4. Bas\u00e9 sur le r\u00e9seau CAN, fonctionnant extr\u00eamement rapidement.<br \/>\n5. Syst\u00e8me : ne fonctionne que sur le syst\u00e8me WIN7\/WIN10<br \/>\n6. Fonctionne pour tous les camions Scania, bus et autres v\u00e9hicules lourds ou moteurs lourds fabriqu\u00e9s par Scania.<br \/>\n7. Prise en charge de plusieurs langues : anglais, allemand, espagnol, fran\u00e7ais, japonais, n\u00e9erlandais, polonais, portugais, su\u00e9dois, norv\u00e9gien, Suomi, turc, italien, tch\u00e8que, russe, chinois<\/strong><\/h4>\n<h4><strong>Scania VCI3 Conseils d&#8217;utilisation :<\/strong><\/h4>\n<h4><strong>1. L&#8217;adaptateur fonctionne en conjonction avec le logiciel SDP-3.<\/strong><\/h4>\n<h4><strong>2. L&#8217;adaptateur ne fonctionne pas avec les camions et les moteurs avant 2004.<br \/>\n3. Scania VCI3 dispose de sa connexion sans fil \u00e0 haut d\u00e9bit (\u00e9galement une connexion USB disponible pour une connexion filaire).<br \/>\n4. Vous pouvez travailler via WIFI avec votre camion, oubliez simplement les probl\u00e8mes tels que les c\u00e2bles de donn\u00e9es endommag\u00e9s et les autres inconv\u00e9nients des connexions filaires.<\/strong><\/h4>\n<h4><strong>Caract\u00e9ristiques du SCANIA VCI-3\u00a0:<\/strong><\/h4>\n<h4>1. Version Wi-Fi 802.11b\/g<\/h4>\n<h4>2. Protocoles de cryptage : WPA2\/WPA\/WEP128\/WEP64<\/h4>\n<h4>3. USB 2.0 (compatible avec USB 1.1)<\/h4>\n<h4>4. Bo\u00eetier en aluminium l\u00e9ger avec protection IP67<\/h4>\n<h4>5. C\u00e2bles en polyur\u00e9thane pour conditions extr\u00eames.<\/h4>\n<h4>6. Tension de fonctionnement CAN BUS (7 &#8211; 40V DC)<\/h4>\n<p><img decoding=\"async\" src=\"https:\/\/www.obdexpress.co.uk\/upload\/pro\/20060915916831032562.jpg\" alt=\"Scania VCI3 SDP3 V2.43 \" \/><\/p>\n<h4><strong>Pour les fonctions du scanner Scania VCI 3\u00a0:<br \/>\n1. V\u00e9rification et r\u00e9glages<br \/>\n2. Transformation<br \/>\n3. Entretien<br \/>\n4. Campagne<br \/>\n5. Carrosserie<br \/>\n6. Codes d&#8217;erreur<br \/>\n7. Rapport de panne<br \/>\n8. Programmation des unit\u00e9s de contr\u00f4le<br \/>\nBesoin de Netframework 4.5 install\u00e9 sur le syst\u00e8me.<br \/>\nPour installer SDP3, des droits d&#8217;administrateur sont requis.<br \/>\nMISE \u00c0 JOUR ECA Veuillez \u00e9galement consulter Scania Ti 04-14 02 16 pour plus d&#8217;informations sur le contexte et sur le processus de mise \u00e0 jour.<\/strong><\/h4>\n<h4><strong>\u00c9DITEUR SOPS INCLUS\u00a0:<br \/>\nT\u00e9l\u00e9charger avec SDP3 \u00e0 partir du fichier d&#8217;exportation SOPS du camion\u00a0;<br \/>\nD\u00e9chiffrer le fichier d&#8217;exportation SOPS au format XML\u00a0;<br \/>\nModifier le fichier XML avec n&#8217;importe quel \u00e9diteur XML\u00a0;<br \/>\nModifiez plus de 300 param\u00e8tres : comme AdBlue, EGR, NOx Control, voir toute la liste ;<br \/>\nCrypter le fichier XML dans le fichier d&#8217;importation SOPS\u00a0;<br \/>\nT\u00e9l\u00e9chargez le fichier d&#8217;importation SOPS sur le camion avec SDP3\u00a0;<br \/>\nScania XCOM &#8211; est un outil de diagnostic pour lire, enregistrer et modifier les donn\u00e9es de l&#8217;ECU telles que les codes de panne, les param\u00e8tres, les donn\u00e9es statistiques, etc. L&#8217;interface VCI2\/VCI3 est utilis\u00e9e pour se connecter \u00e0 l&#8217;ECU via le protocole CAN.<\/strong><\/h4>\n<h4><strong>Modification prise en charge des donn\u00e9es ECU des types suivants\u00a0:<br \/>\nEMS &#8211; Syst\u00e8me de gestion du moteur.<br \/>\nGMS &#8211; Syst\u00e8me de gestion de bo\u00eete de vitesses.<br \/>\nRET \u2013 Syst\u00e8me de ralentisseur.<br \/>\nAWD &#8211; Syst\u00e8me de traction int\u00e9grale.<br \/>\nCLS &#8211; Commande d&#8217;embrayage.<br \/>\nCEE &#8211; Contr\u00f4le des \u00e9missions d&#8217;\u00e9chappement.<br \/>\nCOO (COO7) \u2013 Coordonnateur.<br \/>\nBWS (BCI1) \u2013 Syst\u00e8me de carrosserie<\/strong><\/h4>\n<h4><strong>Prise en charge de la r\u00e9solution des codes d&#8217;anomalie en description textuelle pour les types suivants\u00a0:<br \/>\nSGE (S6, S7, S8).<br \/>\nGMS (OPC4, OPC5).<br \/>\nRET (RET1, RET2).<br \/>\nTraction int\u00e9grale (AWD1).<br \/>\nCEE (SCR1, CEE3).<br \/>\nCOO (COO6, COO7).<br \/>\nHMS (HMS1).<\/strong><\/h4>\n<h4><strong>Autres options\u00a0:<br \/>\nMarche\/Arr\u00eat AdBlue.<br \/>\nEGR activ\u00e9\/d\u00e9sactiv\u00e9.<br \/>\nChangement d&#8217;ID de ch\u00e2ssis\/VIN.<br \/>\nAntid\u00e9marrage ON\/OFF.<br \/>\nAUGMENTATION DE LA PUISSANCE DES CAMIONS.<br \/>\nR\u00e9cup\u00e9ration d&#8217;ECU.<br \/>\nR\u00e9initialisation de l&#8217;ECU.<br \/>\nD\u00e9verrouillage de l&#8217;ECU.<\/strong><\/h4>\n<h4><strong>Le forfait comprend\u00a0:<\/strong><\/h4>\n<h4><strong>1pc x adaptateur Scania VCI 3<br \/>\n1pc x CD de la derni\u00e8re version du SDP3<\/strong><\/h4>\n<div>\n<p>&nbsp;<\/p>\n<\/div>\n","protected":false},"excerpt":{"rendered":"<p>Scania VCI3 est livr\u00e9 avec la derni\u00e8re version de SDP3 Scania VCI3 est un tout nouvel outil con\u00e7u par Scania pour assurer la maintenance compl\u00e8te de tous les camions, bus et autres v\u00e9hicules lourds ou moteurs lourds fabriqu\u00e9s par Scania. VCI3 est le successeur de l&#8217;outil de diagnostic bien connu Scania VCI2. Outil de diagnostic [&hellip;]<\/p>\n","protected":false},"featured_media":2734,"comment_status":"open","ping_status":"closed","template":"","meta":{"_acf_changed":false,"inline_featured_image":false},"product_brand":[],"product_cat":[289],"product_tag":[],"class_list":{"0":"post-2726","1":"product","2":"type-product","3":"status-publish","4":"has-post-thumbnail","6":"product_cat-outils-de-diagnostic-camion","8":"first","9":"instock","10":"shipping-taxable","11":"purchasable","12":"product-type-simple"},"acf":[],"yoast_head":"<!-- This site is optimized with the Yoast SEO plugin v27.3 - https:\/\/yoast.com\/product\/yoast-seo-wordpress\/ -->\n<title>ECU-CARPROG.COM<\/title>\n<meta name=\"robots\" content=\"index, follow, max-snippet:-1, max-image-preview:large, max-video-preview:-1\" \/>\n<meta property=\"og:locale\" content=\"fr_FR\" \/>\n<meta property=\"og:type\" content=\"article\" \/>\n<meta property=\"og:site_name\" content=\"ECU-CARPROG.COM\" \/>\n<meta name=\"twitter:card\" content=\"summary_large_image\" \/>\n<script type=\"application\/ld+json\" class=\"yoast-schema-graph\">{\"@context\":\"https:\\\/\\\/schema.org\",\"@graph\":[{\"@type\":\"CollectionPage\",\"@id\":null,\"url\":\"\",\"name\":\"\",\"isPartOf\":{\"@id\":\"https:\\\/\\\/www.ecu-carprog.com\\\/#website\"},\"inLanguage\":\"fr-FR\"},{\"@type\":\"WebSite\",\"@id\":\"https:\\\/\\\/www.ecu-carprog.com\\\/#website\",\"url\":\"https:\\\/\\\/www.ecu-carprog.com\\\/\",\"name\":\"ECU-CARPROG.COM\",\"description\":\"\",\"publisher\":{\"@id\":\"https:\\\/\\\/www.ecu-carprog.com\\\/#organization\"},\"potentialAction\":[{\"@type\":\"SearchAction\",\"target\":{\"@type\":\"EntryPoint\",\"urlTemplate\":\"https:\\\/\\\/www.ecu-carprog.com\\\/?s={search_term_string}\"},\"query-input\":{\"@type\":\"PropertyValueSpecification\",\"valueRequired\":true,\"valueName\":\"search_term_string\"}}],\"inLanguage\":\"fr-FR\"},{\"@type\":\"Organization\",\"@id\":\"https:\\\/\\\/www.ecu-carprog.com\\\/#organization\",\"name\":\"ECU-CARPROG.COM\",\"url\":\"https:\\\/\\\/www.ecu-carprog.com\\\/\",\"logo\":{\"@type\":\"ImageObject\",\"inLanguage\":\"fr-FR\",\"@id\":\"https:\\\/\\\/www.ecu-carprog.com\\\/#\\\/schema\\\/logo\\\/image\\\/\",\"url\":\"https:\\\/\\\/www.ecu-carprog.com\\\/wp-content\\\/uploads\\\/2023\\\/01\\\/logo-ecucaprog.png\",\"contentUrl\":\"https:\\\/\\\/www.ecu-carprog.com\\\/wp-content\\\/uploads\\\/2023\\\/01\\\/logo-ecucaprog.png\",\"width\":414,\"height\":76,\"caption\":\"ECU-CARPROG.COM\"},\"image\":{\"@id\":\"https:\\\/\\\/www.ecu-carprog.com\\\/#\\\/schema\\\/logo\\\/image\\\/\"},\"sameAs\":[\"https:\\\/\\\/www.facebook.com\\\/diagnostic.auto.tunisie\"]}]}<\/script>\n<!-- \/ Yoast SEO plugin. -->","yoast_head_json":{"title":"ECU-CARPROG.COM","robots":{"index":"index","follow":"follow","max-snippet":"max-snippet:-1","max-image-preview":"max-image-preview:large","max-video-preview":"max-video-preview:-1"},"og_locale":"fr_FR","og_type":"article","og_site_name":"ECU-CARPROG.COM","twitter_card":"summary_large_image","schema":{"@context":"https:\/\/schema.org","@graph":[{"@type":"CollectionPage","@id":null,"url":"","name":"","isPartOf":{"@id":"https:\/\/www.ecu-carprog.com\/#website"},"inLanguage":"fr-FR"},{"@type":"WebSite","@id":"https:\/\/www.ecu-carprog.com\/#website","url":"https:\/\/www.ecu-carprog.com\/","name":"ECU-CARPROG.COM","description":"","publisher":{"@id":"https:\/\/www.ecu-carprog.com\/#organization"},"potentialAction":[{"@type":"SearchAction","target":{"@type":"EntryPoint","urlTemplate":"https:\/\/www.ecu-carprog.com\/?s={search_term_string}"},"query-input":{"@type":"PropertyValueSpecification","valueRequired":true,"valueName":"search_term_string"}}],"inLanguage":"fr-FR"},{"@type":"Organization","@id":"https:\/\/www.ecu-carprog.com\/#organization","name":"ECU-CARPROG.COM","url":"https:\/\/www.ecu-carprog.com\/","logo":{"@type":"ImageObject","inLanguage":"fr-FR","@id":"https:\/\/www.ecu-carprog.com\/#\/schema\/logo\/image\/","url":"https:\/\/cdn.ecu-carprog.com\/wp-content\/uploads\/2023\/01\/logo-ecucaprog.png","contentUrl":"https:\/\/cdn.ecu-carprog.com\/wp-content\/uploads\/2023\/01\/logo-ecucaprog.png","width":414,"height":76,"caption":"ECU-CARPROG.COM"},"image":{"@id":"https:\/\/www.ecu-carprog.com\/#\/schema\/logo\/image\/"},"sameAs":["https:\/\/www.facebook.com\/diagnostic.auto.tunisie"]}]}},"_links":{"self":[{"href":"https:\/\/www.ecu-carprog.com\/fr\/wp-json\/wp\/v2\/product\/2726","targetHints":{"allow":["GET"]}}],"collection":[{"href":"https:\/\/www.ecu-carprog.com\/fr\/wp-json\/wp\/v2\/product"}],"about":[{"href":"https:\/\/www.ecu-carprog.com\/fr\/wp-json\/wp\/v2\/types\/product"}],"replies":[{"embeddable":true,"href":"https:\/\/www.ecu-carprog.com\/fr\/wp-json\/wp\/v2\/comments?post=2726"}],"wp:featuredmedia":[{"embeddable":true,"href":"https:\/\/www.ecu-carprog.com\/fr\/wp-json\/wp\/v2\/media\/2734"}],"wp:attachment":[{"href":"https:\/\/www.ecu-carprog.com\/fr\/wp-json\/wp\/v2\/media?parent=2726"}],"wp:term":[{"taxonomy":"product_brand","embeddable":true,"href":"https:\/\/www.ecu-carprog.com\/fr\/wp-json\/wp\/v2\/product_brand?post=2726"},{"taxonomy":"product_cat","embeddable":true,"href":"https:\/\/www.ecu-carprog.com\/fr\/wp-json\/wp\/v2\/product_cat?post=2726"},{"taxonomy":"product_tag","embeddable":true,"href":"https:\/\/www.ecu-carprog.com\/fr\/wp-json\/wp\/v2\/product_tag?post=2726"}],"curies":[{"name":"wp","href":"https:\/\/api.w.org\/{rel}","templated":true}]}}